{"id":7011,"date":"2025-05-25T12:58:25","date_gmt":"2025-05-25T10:58:25","guid":{"rendered":"https:\/\/areneslyriques.com\/?page_id=7011"},"modified":"2025-05-27T15:04:13","modified_gmt":"2025-05-27T13:04:13","slug":"support-the-childrens-arenes-lyriques","status":"publish","type":"page","link":"https:\/\/areneslyriques.com\/en\/partners\/support-the-childrens-arenes-lyriques\/","title":{"rendered":"Support <\/br>the Children&#8217;s Ar\u00e8nes Lyriques"},"content":{"rendered":"<div class=\"wpb-content-wrapper\"><p>[vc_row css=&#8221;.vc_custom_1745933717184{margin-top: 0px !important;margin-bottom: 50px !important;}&#8221;][vc_column][vc_single_image image=&#8221;7038&#8243; img_size=&#8221;full&#8221; alignment=&#8221;center&#8221; css_animation=&#8221;fadeIn&#8221; css=&#8221;.vc_custom_1745933042701{margin-top: 0px !important;margin-right: 0px !important;margin-bottom: 0px !important;margin-left: 0px !important;padding-top: 0px !important;padding-right: 0px !important;padding-bottom: 0px !important;padding-left: 0px !important;}&#8221;][\/vc_column][\/vc_row][vc_row css=&#8221;.vc_custom_1745933643466{margin-top: 0px !important;}&#8221;][vc_column width=&#8221;1\/6&#8243;][\/vc_column][vc_column width=&#8221;2\/3&#8243;][vc_column_text css_animation=&#8221;fadeIn&#8221; css=&#8221;&#8221;]<\/p>\n<p style=\"text-align: center;\">In 2025, the Ar\u00e8nes Lyriques is launching the <b>Children&#8217;s Ar\u00e8nes Lyriques<\/b>, a <b>free<\/b> socio-cultural program for children who don&#8217;t go on vacation or who suffer from long-term illnesses, in partnership with <b>leisure centers<\/b> and <b>pediatric hospitals<\/b> in the \u00cele-de-France region.<br \/>\nTo ensure this musical adventure can continue and benefit as many children as possible, <b>we need your support<\/b>.<\/p>\n<p style=\"text-align: center;\"><b>Your donation, whatever the amount<\/b>, will contribute to sustaining and growing this artistic, solidarity-based, and deeply human project, and will help make music a source of joy and wonder for hundreds of children.<\/p>\n<p style=\"text-align: center;\">Thank you for being one of those who make this possible.<\/p>\n<p>[\/vc_column_text][vc_empty_space height=&#8221;20px&#8221;][vc_column_text css_animation=&#8221;fadeIn&#8221; css=&#8221;&#8221;]<\/p>\n<p style=\"text-align: center;\">As a reminder, your donation is tax-deductible up to 66%.<br \/>\nFor example, by making a donation of \u20ac50 in 2025, the sum of \u20ac33 (66%) can be deducted from your taxes in 2026.[\/vc_column_text][\/vc_column][vc_column width=&#8221;1\/6&#8243;][\/vc_column][\/vc_row][vc_row type=&#8221;boxed&#8221;][vc_column][vc_raw_html css=&#8221;&#8221;]PGEgdGl0bGU9IlZlbnRlIGRlIGJpbGxldHMgZW4gbGlnbmUiIGhyZWY9Imh0dHBzOi8vd3d3LmJpbGxldHdlYi5mci9zaG9wLnBocD9ldmVudD12b3VzLWV0ZXMtbWVjZW5lLWRlcy1hcmVuZXMtbHlyaXF1ZXMtZGVzLWVuZmFudHMiIGNsYXNzPSJzaG9wX2ZyYW1lIiB0YXJnZXQ9Il9ibGFuayIgZGF0YS1zcmM9Imh0dHBzOi8vd3d3LmJpbGxldHdlYi5mci9zaG9wLnBocD9ldmVudD12b3VzLWV0ZXMtbWVjZW5lLWRlcy1hcmVuZXMtbHlyaXF1ZXMtZGVzLWVuZmFudHMiIGRhdGEtbWF4LXdpZHRoPSIxMDAlIiBkYXRhLWluaXRpYWwtaGVpZ2h0PSI2MDAiIGRhdGEtc2Nyb2xsaW5nPSJubyIgZGF0YS1pZD0idm91cy1ldGVzLW1lY2VuZS1kZXMtYXJlbmVzLWx5cmlxdWVzLWRlcy1lbmZhbnRzIiBkYXRhLXJlc2l6ZT0iMSI+VmVudGUgZGUgYmlsbGV0cyBlbiBsaWduZTwvYT48c2NyaXB0IHR5cGU9InRleHQvamF2YXNjcmlwdCIgc3JjPSJodHRwczovL3d3dy5iaWxsZXR3ZWIuZnIvanMvZXhwb3J0LmpzIj48L3NjcmlwdD4=[\/vc_raw_html][\/vc_column][\/vc_row][vc_row css=&#8221;.vc_custom_1745933643466{margin-top: 0px !important;}&#8221;][vc_column width=&#8221;1\/6&#8243;][\/vc_column][vc_column width=&#8221;2\/3&#8243;][vc_column_text css_animation=&#8221;fadeIn&#8221; css=&#8221;&#8221;]<\/p>\n<p style=\"text-align: center;\">Are you part of an organization that welcomes children aged 6 to 11 and would like to become a partner of the Children&#8217;s Ar\u00e8nes Lyriques?<br \/>\nContact us: <a href=\"mailto:partenaires@areneslyriques.com\">partenaires@areneslyriques.com<\/a><\/p>\n<p>[\/vc_column_text][\/vc_column][vc_column width=&#8221;1\/6&#8243;][\/vc_column][\/vc_row][vc_row type=&#8221;boxed&#8221;][vc_column][vc_empty_space height=&#8221;75px&#8221;][\/vc_column][\/vc_row][vc_row full_width=&#8221;stretch_row_content_no_spaces&#8221; css=&#8221;.vc_custom_1746529456159{padding-top: 30px !important;padding-right: 140px !important;padding-left: 140px !important;background-image: url(https:\/\/areneslyriques.com\/wp-content\/uploads\/2025\/04\/fond-bleu-2025-horizontal.jpeg?id=) !important;background-position: 0 0 !important;background-repeat: repeat !important;}&#8221; el_class=&#8221;margin-mobile-2 bloc-avis&#8221;][vc_column el_class=&#8221;margin-mobile-2&#8243;][vc_custom_heading text=&#8221;Reviews and recommendations&#8221; font_container=&#8221;tag:h2|font_size:25px|text_align:center|color:%23ffffff|line_height:30px&#8221; use_theme_fonts=&#8221;yes&#8221; css_animation=&#8221;fadeIn&#8221; css=&#8221;.vc_custom_1748174350059{margin-top: 0px !important;margin-bottom: 35px !important;}&#8221; el_class=&#8221;sous-titre-accueil titre-page&#8221;][vc_masonry_media_grid style=&#8221;load-more&#8221; items_per_page=&#8221;6&#8243; element_width=&#8221;6&#8243; gap=&#8221;35&#8243; css=&#8221;&#8221; btn_title=&#8221;Load more reviews&#8221; btn_style=&#8221;custom&#8221; btn_custom_background=&#8221;#ffffff&#8221; btn_custom_text=&#8221;#001021&#8243; btn_shape=&#8221;round&#8221; grid_id=&#8221;vc_gid:1748202606517-4d9d5a39ebc9da44b87236893bf453de-2&#8243; include=&#8221;2036,5194,5146,2034,2046,5188,2040,5154,2042,2044,2048,2050,5116,5118,5120,5122,5124,5126,5128,5130,5132,5134,5136,5138,5140,5142,5144,5148,5150,5152,5156,5158,5160,5162,5164,5166,5168,5170,5172,5174,5176,5178,5180,5182,5184,5186,5190,5192,2028&#8243;][\/vc_column][\/vc_row]<\/p>\n<\/div>","protected":false},"excerpt":{"rendered":"<p>[vc_row css=&#8221;.vc_custom_1745933717184{margin-top: 0px !important;margin-bottom: 50px !important;}&#8221;][vc_column][vc_single_image image=&#8221;7038&#8243; img_size=&#8221;full&#8221; alignment=&#8221;center&#8221; css_animation=&#8221;fadeIn&#8221; css=&#8221;.vc_custom_1745933042701{margin-top: 0px !important;margin-right: 0px !important;margin-bottom: 0px !important;margin-left: 0px !important;padding-top: 0px&#8230;<\/p>\n","protected":false},"author":1,"featured_media":0,"parent":3689,"menu_order":10,"comment_status":"closed","ping_status":"closed","template":"","meta":{"footnotes":""},"class_list":["post-7011","page","type-page","status-publish","hentry"],"yoast_head":"<!-- This site is optimized with the Yoast SEO plugin v25.1 - https:\/\/yoast.com\/wordpress\/plugins\/seo\/ -->\n<title>Support the Children&#039;s Ar\u00e8nes Lyriques &#8226; Les Ar\u00e8nes Lyriques<\/title>\n<meta name=\"description\" content=\"The Ar\u00e8nes Lyriques are launching the Ar\u00e8nes Lyriques for Children, a free sociocultural program. We need your support!\" \/>\n<meta name=\"robots\" content=\"index, follow, max-snippet:-1, max-image-preview:large, max-video-preview:-1\" \/>\n<link rel=\"canonical\" href=\"https:\/\/areneslyriques.com\/en\/partners\/support-the-childrens-arenes-lyriques\/\" \/>\n<meta property=\"og:locale\" content=\"en_US\" \/>\n<meta property=\"og:type\" content=\"article\" \/>\n<meta property=\"og:title\" content=\"Support the Children&#039;s Ar\u00e8nes Lyriques &#8226; Les Ar\u00e8nes Lyriques\" \/>\n<meta property=\"og:description\" content=\"The Ar\u00e8nes Lyriques are launching the Ar\u00e8nes Lyriques for Children, a free sociocultural program. We need your support!\" \/>\n<meta property=\"og:url\" content=\"https:\/\/areneslyriques.com\/en\/partners\/support-the-childrens-arenes-lyriques\/\" \/>\n<meta property=\"og:site_name\" content=\"Les Ar\u00e8nes Lyriques\" \/>\n<meta property=\"article:publisher\" content=\"https:\/\/www.facebook.com\/areneslyriques\" \/>\n<meta property=\"article:modified_time\" content=\"2025-05-27T13:04:13+00:00\" \/>\n<meta property=\"og:image\" content=\"https:\/\/areneslyriques.com\/wp-content\/uploads\/2024\/04\/accueil-arenes-lyriques-1-scaled.jpg\" \/>\n\t<meta property=\"og:image:width\" content=\"1722\" \/>\n\t<meta property=\"og:image:height\" content=\"2560\" \/>\n\t<meta property=\"og:image:type\" content=\"image\/jpeg\" \/>\n<meta name=\"twitter:card\" content=\"summary_large_image\" \/>\n<meta name=\"twitter:label1\" content=\"Est. reading time\" \/>\n\t<meta name=\"twitter:data1\" content=\"2 minutes\" \/>\n<script type=\"application\/ld+json\" class=\"yoast-schema-graph\">{\"@context\":\"https:\/\/schema.org\",\"@graph\":[{\"@type\":\"WebPage\",\"@id\":\"https:\/\/areneslyriques.com\/en\/partners\/support-the-childrens-arenes-lyriques\/\",\"url\":\"https:\/\/areneslyriques.com\/en\/partners\/support-the-childrens-arenes-lyriques\/\",\"name\":\"Support the Children's Ar\u00e8nes Lyriques &#8226; Les Ar\u00e8nes Lyriques\",\"isPartOf\":{\"@id\":\"https:\/\/areneslyriques.com\/en\/#website\"},\"datePublished\":\"2025-05-25T10:58:25+00:00\",\"dateModified\":\"2025-05-27T13:04:13+00:00\",\"description\":\"The Ar\u00e8nes Lyriques are launching the Ar\u00e8nes Lyriques for Children, a free sociocultural program. We need your support!\",\"breadcrumb\":{\"@id\":\"https:\/\/areneslyriques.com\/en\/partners\/support-the-childrens-arenes-lyriques\/#breadcrumb\"},\"inLanguage\":\"en-US\",\"potentialAction\":[{\"@type\":\"ReadAction\",\"target\":[\"https:\/\/areneslyriques.com\/en\/partners\/support-the-childrens-arenes-lyriques\/\"]}]},{\"@type\":\"BreadcrumbList\",\"@id\":\"https:\/\/areneslyriques.com\/en\/partners\/support-the-childrens-arenes-lyriques\/#breadcrumb\",\"itemListElement\":[{\"@type\":\"ListItem\",\"position\":1,\"name\":\"Partners 2025\",\"item\":\"https:\/\/areneslyriques.com\/en\/partners\/\"},{\"@type\":\"ListItem\",\"position\":2,\"name\":\"Support the Children&rsquo;s Ar\u00e8nes Lyriques\"}]},{\"@type\":\"WebSite\",\"@id\":\"https:\/\/areneslyriques.com\/en\/#website\",\"url\":\"https:\/\/areneslyriques.com\/en\/\",\"name\":\"Les Ar\u00e8nes Lyriques | Le Concert de Montmartre\",\"description\":\"Nuits Classique \u00e0 Montmartre\",\"publisher\":{\"@id\":\"https:\/\/areneslyriques.com\/en\/#organization\"},\"potentialAction\":[{\"@type\":\"SearchAction\",\"target\":{\"@type\":\"EntryPoint\",\"urlTemplate\":\"https:\/\/areneslyriques.com\/en\/?s={search_term_string}\"},\"query-input\":{\"@type\":\"PropertyValueSpecification\",\"valueRequired\":true,\"valueName\":\"search_term_string\"}}],\"inLanguage\":\"en-US\"},{\"@type\":\"Organization\",\"@id\":\"https:\/\/areneslyriques.com\/en\/#organization\",\"name\":\"Les Ar\u00e8nes Lyriques | Le Concert de Montmartre\",\"url\":\"https:\/\/areneslyriques.com\/en\/\",\"logo\":{\"@type\":\"ImageObject\",\"inLanguage\":\"en-US\",\"@id\":\"https:\/\/areneslyriques.com\/en\/#\/schema\/logo\/image\/\",\"url\":\"https:\/\/i0.wp.com\/areneslyriques.com\/wp-content\/uploads\/2023\/06\/les-arenes-lyriques-logo-bleu-2023.png?fit=1835%2C172&ssl=1\",\"contentUrl\":\"https:\/\/i0.wp.com\/areneslyriques.com\/wp-content\/uploads\/2023\/06\/les-arenes-lyriques-logo-bleu-2023.png?fit=1835%2C172&ssl=1\",\"width\":1835,\"height\":172,\"caption\":\"Les Ar\u00e8nes Lyriques | Le Concert de Montmartre\"},\"image\":{\"@id\":\"https:\/\/areneslyriques.com\/en\/#\/schema\/logo\/image\/\"},\"sameAs\":[\"https:\/\/www.facebook.com\/areneslyriques\",\"https:\/\/www.instagram.com\/les.arenes.lyriques\/\"]}]}<\/script>\n<!-- \/ Yoast SEO plugin. -->","yoast_head_json":{"title":"Support the Children's Ar\u00e8nes Lyriques &#8226; Les Ar\u00e8nes Lyriques","description":"The Ar\u00e8nes Lyriques are launching the Ar\u00e8nes Lyriques for Children, a free sociocultural program. We need your support!","robots":{"index":"index","follow":"follow","max-snippet":"max-snippet:-1","max-image-preview":"max-image-preview:large","max-video-preview":"max-video-preview:-1"},"canonical":"https:\/\/areneslyriques.com\/en\/partners\/support-the-childrens-arenes-lyriques\/","og_locale":"en_US","og_type":"article","og_title":"Support the Children's Ar\u00e8nes Lyriques &#8226; Les Ar\u00e8nes Lyriques","og_description":"The Ar\u00e8nes Lyriques are launching the Ar\u00e8nes Lyriques for Children, a free sociocultural program. We need your support!","og_url":"https:\/\/areneslyriques.com\/en\/partners\/support-the-childrens-arenes-lyriques\/","og_site_name":"Les Ar\u00e8nes Lyriques","article_publisher":"https:\/\/www.facebook.com\/areneslyriques","article_modified_time":"2025-05-27T13:04:13+00:00","og_image":[{"width":1722,"height":2560,"url":"https:\/\/areneslyriques.com\/wp-content\/uploads\/2024\/04\/accueil-arenes-lyriques-1-scaled.jpg","type":"image\/jpeg"}],"twitter_card":"summary_large_image","twitter_misc":{"Est. reading time":"2 minutes"},"schema":{"@context":"https:\/\/schema.org","@graph":[{"@type":"WebPage","@id":"https:\/\/areneslyriques.com\/en\/partners\/support-the-childrens-arenes-lyriques\/","url":"https:\/\/areneslyriques.com\/en\/partners\/support-the-childrens-arenes-lyriques\/","name":"Support the Children's Ar\u00e8nes Lyriques &#8226; Les Ar\u00e8nes Lyriques","isPartOf":{"@id":"https:\/\/areneslyriques.com\/en\/#website"},"datePublished":"2025-05-25T10:58:25+00:00","dateModified":"2025-05-27T13:04:13+00:00","description":"The Ar\u00e8nes Lyriques are launching the Ar\u00e8nes Lyriques for Children, a free sociocultural program. We need your support!","breadcrumb":{"@id":"https:\/\/areneslyriques.com\/en\/partners\/support-the-childrens-arenes-lyriques\/#breadcrumb"},"inLanguage":"en-US","potentialAction":[{"@type":"ReadAction","target":["https:\/\/areneslyriques.com\/en\/partners\/support-the-childrens-arenes-lyriques\/"]}]},{"@type":"BreadcrumbList","@id":"https:\/\/areneslyriques.com\/en\/partners\/support-the-childrens-arenes-lyriques\/#breadcrumb","itemListElement":[{"@type":"ListItem","position":1,"name":"Partners 2025","item":"https:\/\/areneslyriques.com\/en\/partners\/"},{"@type":"ListItem","position":2,"name":"Support the Children&rsquo;s Ar\u00e8nes Lyriques"}]},{"@type":"WebSite","@id":"https:\/\/areneslyriques.com\/en\/#website","url":"https:\/\/areneslyriques.com\/en\/","name":"Les Ar\u00e8nes Lyriques | Le Concert de Montmartre","description":"Nuits Classique \u00e0 Montmartre","publisher":{"@id":"https:\/\/areneslyriques.com\/en\/#organization"},"potentialAction":[{"@type":"SearchAction","target":{"@type":"EntryPoint","urlTemplate":"https:\/\/areneslyriques.com\/en\/?s={search_term_string}"},"query-input":{"@type":"PropertyValueSpecification","valueRequired":true,"valueName":"search_term_string"}}],"inLanguage":"en-US"},{"@type":"Organization","@id":"https:\/\/areneslyriques.com\/en\/#organization","name":"Les Ar\u00e8nes Lyriques | Le Concert de Montmartre","url":"https:\/\/areneslyriques.com\/en\/","logo":{"@type":"ImageObject","inLanguage":"en-US","@id":"https:\/\/areneslyriques.com\/en\/#\/schema\/logo\/image\/","url":"https:\/\/i0.wp.com\/areneslyriques.com\/wp-content\/uploads\/2023\/06\/les-arenes-lyriques-logo-bleu-2023.png?fit=1835%2C172&ssl=1","contentUrl":"https:\/\/i0.wp.com\/areneslyriques.com\/wp-content\/uploads\/2023\/06\/les-arenes-lyriques-logo-bleu-2023.png?fit=1835%2C172&ssl=1","width":1835,"height":172,"caption":"Les Ar\u00e8nes Lyriques | Le Concert de Montmartre"},"image":{"@id":"https:\/\/areneslyriques.com\/en\/#\/schema\/logo\/image\/"},"sameAs":["https:\/\/www.facebook.com\/areneslyriques","https:\/\/www.instagram.com\/les.arenes.lyriques\/"]}]}},"_links":{"self":[{"href":"https:\/\/areneslyriques.com\/en\/wp-json\/wp\/v2\/pages\/7011","targetHints":{"allow":["GET"]}}],"collection":[{"href":"https:\/\/areneslyriques.com\/en\/wp-json\/wp\/v2\/pages"}],"about":[{"href":"https:\/\/areneslyriques.com\/en\/wp-json\/wp\/v2\/types\/page"}],"author":[{"embeddable":true,"href":"https:\/\/areneslyriques.com\/en\/wp-json\/wp\/v2\/users\/1"}],"replies":[{"embeddable":true,"href":"https:\/\/areneslyriques.com\/en\/wp-json\/wp\/v2\/comments?post=7011"}],"version-history":[{"count":6,"href":"https:\/\/areneslyriques.com\/en\/wp-json\/wp\/v2\/pages\/7011\/revisions"}],"predecessor-version":[{"id":8277,"href":"https:\/\/areneslyriques.com\/en\/wp-json\/wp\/v2\/pages\/7011\/revisions\/8277"}],"up":[{"embeddable":true,"href":"https:\/\/areneslyriques.com\/en\/wp-json\/wp\/v2\/pages\/3689"}],"wp:attachment":[{"href":"https:\/\/areneslyriques.com\/en\/wp-json\/wp\/v2\/media?parent=7011"}],"curies":[{"name":"wp","href":"https:\/\/api.w.org\/{rel}","templated":true}]}}