{"id":4726,"date":"2023-12-07T16:29:32","date_gmt":"2023-12-07T15:29:32","guid":{"rendered":"https:\/\/areneslyriques.com\/?page_id=4726"},"modified":"2024-06-10T02:41:22","modified_gmt":"2024-06-10T00:41:22","slug":"cultural-mediation","status":"publish","type":"page","link":"https:\/\/areneslyriques.com\/en\/cultural-mediation\/","title":{"rendered":"M\u00e9diation culturelle"},"content":{"rendered":"<div class=\"wpb-content-wrapper\"><p>[vc_row full_width=&#8221;stretch_row_content&#8221; content_placement=&#8221;middle&#8221; height=&#8221;500px&#8221; css=&#8221;.vc_custom_1716768830639{background-image: url(https:\/\/areneslyriques.com\/wp-content\/uploads\/2023\/12\/DSC00699.jpg?id=4734) !important;background-position: center !important;background-repeat: no-repeat !important;background-size: cover !important;}&#8221;][vc_column][vc_custom_heading text=&#8221;M\u00e9diation culturelle&#8221; font_container=&#8221;tag:h1|font_size:45px|text_align:center|color:%23ffffff|line_height:50px&#8221; use_theme_fonts=&#8221;yes&#8221; css_animation=&#8221;fadeIn&#8221; css=&#8221;.vc_custom_1716768208039{margin-top: 30px !important;}&#8221; el_class=&#8221;sous-titre-accueil titre-page&#8221;][\/vc_column][\/vc_row][vc_row content_placement=&#8221;middle&#8221; css_animation=&#8221;fadeIn&#8221; css=&#8221;.vc_custom_1716769235983{margin-top: 50px !important;margin-bottom: 0px !important;padding-right: 15vw !important;padding-left: 15vw !important;background-position: center !important;background-repeat: no-repeat !important;background-size: cover !important;}&#8221; el_class=&#8221;margin-mobile&#8221;][vc_column css_animation=&#8221;fadeIn&#8221; el_class=&#8221;margin-mobile-2&#8243;][vc_custom_heading text=&#8221;Depuis 2023, des ateliers musicaux sont men\u00e9s durant l\u2019ann\u00e9e dans les Centres d\u2019action sociale de Paris 18 (CASVP) par des artistes ayant particip\u00e9 aux Ar\u00e8nes Lyriques.&#8221; font_container=&#8221;tag:div|font_size:26px|text_align:left|line_height:36px&#8221; use_theme_fonts=&#8221;yes&#8221; css_animation=&#8221;fadeIn&#8221; css=&#8221;.vc_custom_1716769143067{margin-bottom: 20px !important;}&#8221; el_class=&#8221;titre-paragraphe&#8221;][vc_column_text css=&#8221;&#8221;]<\/p>\n<p style=\"text-align: left;\"><span style=\"font-weight: 400;\">Gr\u00e2ce au r\u00e9seau de musiciens d\u2019excellence entourant le festival, les adh\u00e9rents du CASVP ont la possibilit\u00e9 de participer \u00e0 des ateliers et profitent de concerts propos\u00e9s par de jeunes musiciens en d\u00e9but de carri\u00e8re. En 2023\/2024, la guitariste <\/span><a href=\"https:\/\/www.youtube.com\/watch?v=0_RnlOWmZD4&amp;ab_channel=RoxaneElfasci\" target=\"_blank\" rel=\"noopener\"><span style=\"font-weight: 400;\">Roxane Elfasci<\/span><\/a><span style=\"font-weight: 400;\"> m\u00e8ne une dizaine d\u2019ateliers et de concerts dans diff\u00e9rents centres de Paris 18.<\/span><\/p>\n<p>[\/vc_column_text][\/vc_column][\/vc_row][vc_row css=&#8221;.vc_custom_1703005495313{padding-right: 10vw !important;padding-bottom: 40px !important;padding-left: 10vw !important;}&#8221;][vc_column][vc_row_inner][vc_column_inner][vc_single_image image=&#8221;4741&#8243; img_size=&#8221;full&#8221; alignment=&#8221;center&#8221;][\/vc_column_inner][\/vc_row_inner][vc_row_inner][vc_column_inner width=&#8221;1\/2&#8243;][vc_single_image image=&#8221;4739&#8243; img_size=&#8221;large&#8221; add_caption=&#8221;yes&#8221; alignment=&#8221;center&#8221; css=&#8221;&#8221;][\/vc_column_inner][vc_column_inner width=&#8221;1\/2&#8243;][vc_single_image image=&#8221;4737&#8243; img_size=&#8221;large&#8221; css=&#8221;&#8221;][\/vc_column_inner][\/vc_row_inner][\/vc_column][vc_column][\/vc_column][\/vc_row][vc_column width=&#8221;1\/6&#8243;][\/vc_column]<\/p>\n<\/div>","protected":false},"excerpt":{"rendered":"<p>[vc_row full_width=&#8221;stretch_row_content&#8221; content_placement=&#8221;middle&#8221; height=&#8221;500px&#8221; css=&#8221;.vc_custom_1716768830639{background-image: url(https:\/\/areneslyriques.com\/wp-content\/uploads\/2023\/12\/DSC00699.jpg?id=4734) !important;background-position: center !important;background-repeat: no-repeat !important;background-size: cover !important;}&#8221;][vc_column][vc_custom_heading text=&#8221;M\u00e9diation culturelle&#8221; font_container=&#8221;tag:h1|font_size:45px|text_align:center|color:%23ffffff|line_height:50px&#8221; use_theme_fonts=&#8221;yes&#8221; css_animation=&#8221;fadeIn&#8221; css=&#8221;.vc_custom_1716768208039{margin-top: 30px&#8230;<\/p>\n","protected":false},"author":2,"featured_media":0,"parent":0,"menu_order":20,"comment_status":"closed","ping_status":"closed","template":"page-full-width.php","meta":{"footnotes":""},"class_list":["post-4726","page","type-page","status-publish","hentry"],"yoast_head":"<!-- This site is optimized with the Yoast SEO plugin v25.1 - https:\/\/yoast.com\/wordpress\/plugins\/seo\/ -->\n<title>M\u00e9diation culturelle &#8226; Les Ar\u00e8nes Lyriques &#8226; Montmartre<\/title>\n<meta name=\"description\" content=\"(Re)discover these arias Laissez vous envahir par les m\u00e9lodies fabuleuses interpr\u00e9t\u00e9es par nos musiciens.\" \/>\n<meta name=\"robots\" content=\"index, follow, max-snippet:-1, max-image-preview:large, max-video-preview:-1\" \/>\n<link rel=\"canonical\" href=\"https:\/\/areneslyriques.com\/en\/cultural-mediation\/\" \/>\n<meta property=\"og:locale\" content=\"en_US\" \/>\n<meta property=\"og:type\" content=\"article\" \/>\n<meta property=\"og:title\" content=\"M\u00e9diation culturelle &#8226; Les Ar\u00e8nes Lyriques &#8226; Montmartre\" \/>\n<meta property=\"og:description\" content=\"(Re)discover these arias Laissez vous envahir par les m\u00e9lodies fabuleuses interpr\u00e9t\u00e9es par nos musiciens.\" \/>\n<meta property=\"og:url\" content=\"https:\/\/areneslyriques.com\/en\/cultural-mediation\/\" \/>\n<meta property=\"og:site_name\" content=\"Les Ar\u00e8nes Lyriques\" \/>\n<meta property=\"article:publisher\" content=\"https:\/\/www.facebook.com\/areneslyriques\" \/>\n<meta property=\"article:modified_time\" content=\"2024-06-10T00:41:22+00:00\" \/>\n<meta property=\"og:image\" content=\"https:\/\/areneslyriques.com\/wp-content\/uploads\/2024\/04\/accueil-arenes-lyriques-1-scaled.jpg\" \/>\n\t<meta property=\"og:image:width\" content=\"1722\" \/>\n\t<meta property=\"og:image:height\" content=\"2560\" \/>\n\t<meta property=\"og:image:type\" content=\"image\/jpeg\" \/>\n<meta name=\"twitter:card\" content=\"summary_large_image\" \/>\n<meta name=\"twitter:label1\" content=\"Est. reading time\" \/>\n\t<meta name=\"twitter:data1\" content=\"1 minute\" \/>\n<script type=\"application\/ld+json\" class=\"yoast-schema-graph\">{\"@context\":\"https:\/\/schema.org\",\"@graph\":[{\"@type\":\"WebPage\",\"@id\":\"https:\/\/areneslyriques.com\/en\/cultural-mediation\/\",\"url\":\"https:\/\/areneslyriques.com\/en\/cultural-mediation\/\",\"name\":\"M\u00e9diation culturelle &#8226; Les Ar\u00e8nes Lyriques &#8226; Montmartre\",\"isPartOf\":{\"@id\":\"https:\/\/areneslyriques.com\/en\/#website\"},\"datePublished\":\"2023-12-07T15:29:32+00:00\",\"dateModified\":\"2024-06-10T00:41:22+00:00\",\"description\":\"(Re)discover these arias Laissez vous envahir par les m\u00e9lodies fabuleuses interpr\u00e9t\u00e9es par nos musiciens.\",\"inLanguage\":\"en-US\",\"potentialAction\":[{\"@type\":\"ReadAction\",\"target\":[\"https:\/\/areneslyriques.com\/en\/cultural-mediation\/\"]}]},{\"@type\":\"WebSite\",\"@id\":\"https:\/\/areneslyriques.com\/en\/#website\",\"url\":\"https:\/\/areneslyriques.com\/en\/\",\"name\":\"Les Ar\u00e8nes Lyriques | Le Concert de Montmartre\",\"description\":\"Nuits Classique \u00e0 Montmartre\",\"publisher\":{\"@id\":\"https:\/\/areneslyriques.com\/en\/#organization\"},\"potentialAction\":[{\"@type\":\"SearchAction\",\"target\":{\"@type\":\"EntryPoint\",\"urlTemplate\":\"https:\/\/areneslyriques.com\/en\/?s={search_term_string}\"},\"query-input\":{\"@type\":\"PropertyValueSpecification\",\"valueRequired\":true,\"valueName\":\"search_term_string\"}}],\"inLanguage\":\"en-US\"},{\"@type\":\"Organization\",\"@id\":\"https:\/\/areneslyriques.com\/en\/#organization\",\"name\":\"Les Ar\u00e8nes Lyriques | Le Concert de Montmartre\",\"url\":\"https:\/\/areneslyriques.com\/en\/\",\"logo\":{\"@type\":\"ImageObject\",\"inLanguage\":\"en-US\",\"@id\":\"https:\/\/areneslyriques.com\/en\/#\/schema\/logo\/image\/\",\"url\":\"https:\/\/i0.wp.com\/areneslyriques.com\/wp-content\/uploads\/2023\/06\/les-arenes-lyriques-logo-bleu-2023.png?fit=1835%2C172&ssl=1\",\"contentUrl\":\"https:\/\/i0.wp.com\/areneslyriques.com\/wp-content\/uploads\/2023\/06\/les-arenes-lyriques-logo-bleu-2023.png?fit=1835%2C172&ssl=1\",\"width\":1835,\"height\":172,\"caption\":\"Les Ar\u00e8nes Lyriques | Le Concert de Montmartre\"},\"image\":{\"@id\":\"https:\/\/areneslyriques.com\/en\/#\/schema\/logo\/image\/\"},\"sameAs\":[\"https:\/\/www.facebook.com\/areneslyriques\",\"https:\/\/www.instagram.com\/les.arenes.lyriques\/\"]}]}<\/script>\n<!-- \/ Yoast SEO plugin. -->","yoast_head_json":{"title":"M\u00e9diation culturelle &#8226; Les Ar\u00e8nes Lyriques &#8226; Montmartre","description":"(Re)discover these arias Laissez vous envahir par les m\u00e9lodies fabuleuses interpr\u00e9t\u00e9es par nos musiciens.","robots":{"index":"index","follow":"follow","max-snippet":"max-snippet:-1","max-image-preview":"max-image-preview:large","max-video-preview":"max-video-preview:-1"},"canonical":"https:\/\/areneslyriques.com\/en\/cultural-mediation\/","og_locale":"en_US","og_type":"article","og_title":"M\u00e9diation culturelle &#8226; Les Ar\u00e8nes Lyriques &#8226; Montmartre","og_description":"(Re)discover these arias Laissez vous envahir par les m\u00e9lodies fabuleuses interpr\u00e9t\u00e9es par nos musiciens.","og_url":"https:\/\/areneslyriques.com\/en\/cultural-mediation\/","og_site_name":"Les Ar\u00e8nes Lyriques","article_publisher":"https:\/\/www.facebook.com\/areneslyriques","article_modified_time":"2024-06-10T00:41:22+00:00","og_image":[{"width":1722,"height":2560,"url":"https:\/\/areneslyriques.com\/wp-content\/uploads\/2024\/04\/accueil-arenes-lyriques-1-scaled.jpg","type":"image\/jpeg"}],"twitter_card":"summary_large_image","twitter_misc":{"Est. reading time":"1 minute"},"schema":{"@context":"https:\/\/schema.org","@graph":[{"@type":"WebPage","@id":"https:\/\/areneslyriques.com\/en\/cultural-mediation\/","url":"https:\/\/areneslyriques.com\/en\/cultural-mediation\/","name":"M\u00e9diation culturelle &#8226; Les Ar\u00e8nes Lyriques &#8226; Montmartre","isPartOf":{"@id":"https:\/\/areneslyriques.com\/en\/#website"},"datePublished":"2023-12-07T15:29:32+00:00","dateModified":"2024-06-10T00:41:22+00:00","description":"(Re)discover these arias Laissez vous envahir par les m\u00e9lodies fabuleuses interpr\u00e9t\u00e9es par nos musiciens.","inLanguage":"en-US","potentialAction":[{"@type":"ReadAction","target":["https:\/\/areneslyriques.com\/en\/cultural-mediation\/"]}]},{"@type":"WebSite","@id":"https:\/\/areneslyriques.com\/en\/#website","url":"https:\/\/areneslyriques.com\/en\/","name":"Les Ar\u00e8nes Lyriques | Le Concert de Montmartre","description":"Nuits Classique \u00e0 Montmartre","publisher":{"@id":"https:\/\/areneslyriques.com\/en\/#organization"},"potentialAction":[{"@type":"SearchAction","target":{"@type":"EntryPoint","urlTemplate":"https:\/\/areneslyriques.com\/en\/?s={search_term_string}"},"query-input":{"@type":"PropertyValueSpecification","valueRequired":true,"valueName":"search_term_string"}}],"inLanguage":"en-US"},{"@type":"Organization","@id":"https:\/\/areneslyriques.com\/en\/#organization","name":"Les Ar\u00e8nes Lyriques | Le Concert de Montmartre","url":"https:\/\/areneslyriques.com\/en\/","logo":{"@type":"ImageObject","inLanguage":"en-US","@id":"https:\/\/areneslyriques.com\/en\/#\/schema\/logo\/image\/","url":"https:\/\/i0.wp.com\/areneslyriques.com\/wp-content\/uploads\/2023\/06\/les-arenes-lyriques-logo-bleu-2023.png?fit=1835%2C172&ssl=1","contentUrl":"https:\/\/i0.wp.com\/areneslyriques.com\/wp-content\/uploads\/2023\/06\/les-arenes-lyriques-logo-bleu-2023.png?fit=1835%2C172&ssl=1","width":1835,"height":172,"caption":"Les Ar\u00e8nes Lyriques | Le Concert de Montmartre"},"image":{"@id":"https:\/\/areneslyriques.com\/en\/#\/schema\/logo\/image\/"},"sameAs":["https:\/\/www.facebook.com\/areneslyriques","https:\/\/www.instagram.com\/les.arenes.lyriques\/"]}]}},"_links":{"self":[{"href":"https:\/\/areneslyriques.com\/en\/wp-json\/wp\/v2\/pages\/4726","targetHints":{"allow":["GET"]}}],"collection":[{"href":"https:\/\/areneslyriques.com\/en\/wp-json\/wp\/v2\/pages"}],"about":[{"href":"https:\/\/areneslyriques.com\/en\/wp-json\/wp\/v2\/types\/page"}],"author":[{"embeddable":true,"href":"https:\/\/areneslyriques.com\/en\/wp-json\/wp\/v2\/users\/2"}],"replies":[{"embeddable":true,"href":"https:\/\/areneslyriques.com\/en\/wp-json\/wp\/v2\/comments?post=4726"}],"version-history":[{"count":18,"href":"https:\/\/areneslyriques.com\/en\/wp-json\/wp\/v2\/pages\/4726\/revisions"}],"predecessor-version":[{"id":5737,"href":"https:\/\/areneslyriques.com\/en\/wp-json\/wp\/v2\/pages\/4726\/revisions\/5737"}],"wp:attachment":[{"href":"https:\/\/areneslyriques.com\/en\/wp-json\/wp\/v2\/media?parent=4726"}],"curies":[{"name":"wp","href":"https:\/\/api.w.org\/{rel}","templated":true}]}}