{"id":3705,"date":"2023-06-22T23:04:12","date_gmt":"2023-06-22T21:04:12","guid":{"rendered":"https:\/\/areneslyriques.com\/mentions-legales\/"},"modified":"2025-05-25T14:02:26","modified_gmt":"2025-05-25T12:02:26","slug":"legale-notices","status":"publish","type":"page","link":"https:\/\/areneslyriques.com\/en\/legale-notices\/","title":{"rendered":"Legale notices"},"content":{"rendered":"<div class=\"wpb-content-wrapper\"><p>[vc_row type=&#8221;boxed&#8221; css=&#8221;.vc_custom_1562426315205{margin-top: 50px !important;}&#8221;][vc_column width=&#8221;1\/2&#8243;][vc_column_text]<\/p>\n<h2>\u00c9diteur<\/h2>\n<p>Tender Nights<br \/>\n31, rue de Poissy 75005 Paris<br \/>\nAssociation loi 1901 &#8220;Tender Nights&#8221;<\/p>\n<h2>Textes<\/h2>\n<p>Mahault Mollaret<br \/>\nTraductions :<br \/>\nVersion anglaise: Christopher Webb<br \/>\nVersion espagnole : Nina Tousch<br \/>\nVersion portugaise : Joanna Cameira Gomes<\/p>\n<h2>Photos<\/h2>\n<p>No\u00e9 Pradel-Fraysse<br \/>\nLudovic Isma\u00ebl<br \/>\nYves Bourgeois<br \/>\nL\u00e9o Moroh<br \/>\n@coolmagparis[\/vc_column_text][\/vc_column][vc_column width=&#8221;1\/2&#8243;][vc_column_text]<\/p>\n<h2>Cr\u00e9ation<\/h2>\n<p>Identit\u00e9 et cr\u00e9ation :<br \/>\nPierre Mollaret et Tanguy de Montmarin<\/p>\n<p>Conception et r\u00e9alisation :<br \/>\nTanguy de Montmarin<\/p>\n<h2>H\u00e9bergeur<\/h2>\n<p>OVH SAS au capital de 10 069 020 \u20ac<br \/>\nRCS Lille M\u00e9tropole 424 761 419 00045<br \/>\nCode APE 2620Z<br \/>\nN\u00b0 TVA : FR 22 424 761 419<br \/>\nSi\u00e8ge social : 2 rue Kellermann \u2013 59100 Roubaix \u2013 France<br \/>\nDirecteur de la publication : Octave KLABA<br \/>\nPr\u00e9sident : Henryk KLABA<br \/>\nDirecteur g\u00e9n\u00e9ral : Miroslaw KLABA<br \/>\nDirecteur g\u00e9n\u00e9ral d\u00e9l\u00e9gu\u00e9 : Octave KLABA<br \/>\nDirecteur g\u00e9n\u00e9ral d\u00e9l\u00e9gu\u00e9 : Halina KLABA[\/vc_column_text][\/vc_column][\/vc_row][vc_row type=&#8221;boxed&#8221;][vc_column][vc_column_text]<\/p>\n<h2>Billetterie<\/h2>\n<p>Se r\u00e9f\u00e9rer aux mentions l\u00e9gales et au condition g\u00e9n\u00e9rale de nos partenaires : <a href=\"https:\/\/www.billetweb.fr\/fr\/legal\">https:\/\/www.billetweb.fr\/fr\/legal<\/a> et <a href=\"https:\/\/www.eventbrite.com\/l\/LegalTerms\/\">https:\/\/www.eventbrite.com\/l\/LegalTerms\/<\/a>.<\/p>\n<h2>Donn\u00e9es personnelles et politique de confidentialit\u00e9<\/h2>\n<p>Conform\u00e9ment aux dispositions de la loi n\u00b0 78-17 du 6 janvier 1978 modifi\u00e9e en 2004 relative \u00e0 l\u2019informatique, aux fichiers et aux libert\u00e9s, le site a fait l\u2019objet d\u2019une d\u00e9claration \u00e0 la CNIL (Commission Nationale Informatique et Libert\u00e9s) sous le num\u00e9ro XXXXXXXX. Toutes les informations de votre Compte ne sont utilis\u00e9es que dans le cadre de votre relation commerciale avec areneslyriques.com. Ces informations ne sont jamais partag\u00e9es avec des tiers ou revendues. Le Site utilise des cookies (t\u00e9moins de connexion) ce dont l\u2019utilisateur est inform\u00e9 en arrivant sur le site internet qui permettent d\u2019enregistrer des informations relatives \u00e0 la navigation de l\u2019ordinateur sur le site internet. Ces cookies ne sont install\u00e9s qu\u2019apr\u00e8s acceptation par l\u2019utilisateur, la poursuite de la navigation sur le site internet valant acceptation. L\u2019utilisateur peut s\u2019opposer \u00e0 l\u2019utilisation de ces cookies en param\u00e9trant son navigateur, sachant que l\u2019acc\u00e8s \u00e0 certains services peut n\u00e9cessiter l\u2019acceptation pr\u00e9alable par l\u2019utilisateur des cookies.[\/vc_column_text][vc_column_text]<\/p>\n<h3 style=\"text-align: center;\">Nous contacter<\/h3>\n<p style=\"text-align: center;\"><a href=\"mailto:contact@areneslyriques.com\">contact@areneslyriques.com<\/a><\/p>\n<p>[\/vc_column_text][\/vc_column][\/vc_row]<\/p>\n<\/div>","protected":false},"excerpt":{"rendered":"<p>[vc_row type=&#8221;boxed&#8221; css=&#8221;.vc_custom_1562426315205{margin-top: 50px !important;}&#8221;][vc_column width=&#8221;1\/2&#8243;][vc_column_text] \u00c9diteur Tender Nights 31, rue de Poissy 75005 Paris Association loi 1901 &#8220;Tender Nights&#8221;&#8230;<\/p>\n","protected":false},"author":1,"featured_media":0,"parent":0,"menu_order":10,"comment_status":"closed","ping_status":"closed","template":"","meta":{"footnotes":""},"class_list":["post-3705","page","type-page","status-publish","hentry"],"yoast_head":"<!-- This site is optimized with the Yoast SEO plugin v25.1 - https:\/\/yoast.com\/wordpress\/plugins\/seo\/ -->\n<title>Legale notices &#8226; Les Ar\u00e8nes Lyriques<\/title>\n<meta name=\"robots\" content=\"index, follow, max-snippet:-1, max-image-preview:large, max-video-preview:-1\" \/>\n<link rel=\"canonical\" href=\"https:\/\/areneslyriques.com\/en\/legale-notices\/\" \/>\n<meta property=\"og:locale\" content=\"en_US\" \/>\n<meta property=\"og:type\" content=\"article\" \/>\n<meta property=\"og:title\" content=\"Legale notices &#8226; Les Ar\u00e8nes Lyriques\" \/>\n<meta property=\"og:description\" content=\"[vc_row type=&#8221;boxed&#8221; css=&#8221;.vc_custom_1562426315205{margin-top: 50px !important;}&#8221;][vc_column width=&#8221;1\/2&#8243;][vc_column_text] \u00c9diteur Tender Nights 31, rue de Poissy 75005 Paris Association loi 1901 &#8220;Tender Nights&#8221;...\" \/>\n<meta property=\"og:url\" content=\"https:\/\/areneslyriques.com\/en\/legale-notices\/\" \/>\n<meta property=\"og:site_name\" content=\"Les Ar\u00e8nes Lyriques\" \/>\n<meta property=\"article:publisher\" content=\"https:\/\/www.facebook.com\/areneslyriques\" \/>\n<meta property=\"article:modified_time\" content=\"2025-05-25T12:02:26+00:00\" \/>\n<meta property=\"og:image\" content=\"https:\/\/areneslyriques.com\/wp-content\/uploads\/2024\/04\/accueil-arenes-lyriques-1-scaled.jpg\" \/>\n\t<meta property=\"og:image:width\" content=\"1722\" \/>\n\t<meta property=\"og:image:height\" content=\"2560\" \/>\n\t<meta property=\"og:image:type\" content=\"image\/jpeg\" \/>\n<meta name=\"twitter:card\" content=\"summary_large_image\" \/>\n<meta name=\"twitter:label1\" content=\"Est. reading time\" \/>\n\t<meta name=\"twitter:data1\" content=\"2 minutes\" \/>\n<script type=\"application\/ld+json\" class=\"yoast-schema-graph\">{\"@context\":\"https:\/\/schema.org\",\"@graph\":[{\"@type\":\"WebPage\",\"@id\":\"https:\/\/areneslyriques.com\/en\/legale-notices\/\",\"url\":\"https:\/\/areneslyriques.com\/en\/legale-notices\/\",\"name\":\"Legale notices &#8226; Les Ar\u00e8nes Lyriques\",\"isPartOf\":{\"@id\":\"https:\/\/areneslyriques.com\/en\/#website\"},\"datePublished\":\"2023-06-22T21:04:12+00:00\",\"dateModified\":\"2025-05-25T12:02:26+00:00\",\"inLanguage\":\"en-US\",\"potentialAction\":[{\"@type\":\"ReadAction\",\"target\":[\"https:\/\/areneslyriques.com\/en\/legale-notices\/\"]}]},{\"@type\":\"WebSite\",\"@id\":\"https:\/\/areneslyriques.com\/en\/#website\",\"url\":\"https:\/\/areneslyriques.com\/en\/\",\"name\":\"Les Ar\u00e8nes Lyriques | Le Concert de Montmartre\",\"description\":\"Nuits Classique \u00e0 Montmartre\",\"publisher\":{\"@id\":\"https:\/\/areneslyriques.com\/en\/#organization\"},\"potentialAction\":[{\"@type\":\"SearchAction\",\"target\":{\"@type\":\"EntryPoint\",\"urlTemplate\":\"https:\/\/areneslyriques.com\/en\/?s={search_term_string}\"},\"query-input\":{\"@type\":\"PropertyValueSpecification\",\"valueRequired\":true,\"valueName\":\"search_term_string\"}}],\"inLanguage\":\"en-US\"},{\"@type\":\"Organization\",\"@id\":\"https:\/\/areneslyriques.com\/en\/#organization\",\"name\":\"Les Ar\u00e8nes Lyriques | Le Concert de Montmartre\",\"url\":\"https:\/\/areneslyriques.com\/en\/\",\"logo\":{\"@type\":\"ImageObject\",\"inLanguage\":\"en-US\",\"@id\":\"https:\/\/areneslyriques.com\/en\/#\/schema\/logo\/image\/\",\"url\":\"https:\/\/i0.wp.com\/areneslyriques.com\/wp-content\/uploads\/2023\/06\/les-arenes-lyriques-logo-bleu-2023.png?fit=1835%2C172&ssl=1\",\"contentUrl\":\"https:\/\/i0.wp.com\/areneslyriques.com\/wp-content\/uploads\/2023\/06\/les-arenes-lyriques-logo-bleu-2023.png?fit=1835%2C172&ssl=1\",\"width\":1835,\"height\":172,\"caption\":\"Les Ar\u00e8nes Lyriques | Le Concert de Montmartre\"},\"image\":{\"@id\":\"https:\/\/areneslyriques.com\/en\/#\/schema\/logo\/image\/\"},\"sameAs\":[\"https:\/\/www.facebook.com\/areneslyriques\",\"https:\/\/www.instagram.com\/les.arenes.lyriques\/\"]}]}<\/script>\n<!-- \/ Yoast SEO plugin. -->","yoast_head_json":{"title":"Legale notices &#8226; Les Ar\u00e8nes Lyriques","robots":{"index":"index","follow":"follow","max-snippet":"max-snippet:-1","max-image-preview":"max-image-preview:large","max-video-preview":"max-video-preview:-1"},"canonical":"https:\/\/areneslyriques.com\/en\/legale-notices\/","og_locale":"en_US","og_type":"article","og_title":"Legale notices &#8226; Les Ar\u00e8nes Lyriques","og_description":"[vc_row type=&#8221;boxed&#8221; css=&#8221;.vc_custom_1562426315205{margin-top: 50px !important;}&#8221;][vc_column width=&#8221;1\/2&#8243;][vc_column_text] \u00c9diteur Tender Nights 31, rue de Poissy 75005 Paris Association loi 1901 &#8220;Tender Nights&#8221;...","og_url":"https:\/\/areneslyriques.com\/en\/legale-notices\/","og_site_name":"Les Ar\u00e8nes Lyriques","article_publisher":"https:\/\/www.facebook.com\/areneslyriques","article_modified_time":"2025-05-25T12:02:26+00:00","og_image":[{"width":1722,"height":2560,"url":"https:\/\/areneslyriques.com\/wp-content\/uploads\/2024\/04\/accueil-arenes-lyriques-1-scaled.jpg","type":"image\/jpeg"}],"twitter_card":"summary_large_image","twitter_misc":{"Est. reading time":"2 minutes"},"schema":{"@context":"https:\/\/schema.org","@graph":[{"@type":"WebPage","@id":"https:\/\/areneslyriques.com\/en\/legale-notices\/","url":"https:\/\/areneslyriques.com\/en\/legale-notices\/","name":"Legale notices &#8226; Les Ar\u00e8nes Lyriques","isPartOf":{"@id":"https:\/\/areneslyriques.com\/en\/#website"},"datePublished":"2023-06-22T21:04:12+00:00","dateModified":"2025-05-25T12:02:26+00:00","inLanguage":"en-US","potentialAction":[{"@type":"ReadAction","target":["https:\/\/areneslyriques.com\/en\/legale-notices\/"]}]},{"@type":"WebSite","@id":"https:\/\/areneslyriques.com\/en\/#website","url":"https:\/\/areneslyriques.com\/en\/","name":"Les Ar\u00e8nes Lyriques | Le Concert de Montmartre","description":"Nuits Classique \u00e0 Montmartre","publisher":{"@id":"https:\/\/areneslyriques.com\/en\/#organization"},"potentialAction":[{"@type":"SearchAction","target":{"@type":"EntryPoint","urlTemplate":"https:\/\/areneslyriques.com\/en\/?s={search_term_string}"},"query-input":{"@type":"PropertyValueSpecification","valueRequired":true,"valueName":"search_term_string"}}],"inLanguage":"en-US"},{"@type":"Organization","@id":"https:\/\/areneslyriques.com\/en\/#organization","name":"Les Ar\u00e8nes Lyriques | Le Concert de Montmartre","url":"https:\/\/areneslyriques.com\/en\/","logo":{"@type":"ImageObject","inLanguage":"en-US","@id":"https:\/\/areneslyriques.com\/en\/#\/schema\/logo\/image\/","url":"https:\/\/i0.wp.com\/areneslyriques.com\/wp-content\/uploads\/2023\/06\/les-arenes-lyriques-logo-bleu-2023.png?fit=1835%2C172&ssl=1","contentUrl":"https:\/\/i0.wp.com\/areneslyriques.com\/wp-content\/uploads\/2023\/06\/les-arenes-lyriques-logo-bleu-2023.png?fit=1835%2C172&ssl=1","width":1835,"height":172,"caption":"Les Ar\u00e8nes Lyriques | Le Concert de Montmartre"},"image":{"@id":"https:\/\/areneslyriques.com\/en\/#\/schema\/logo\/image\/"},"sameAs":["https:\/\/www.facebook.com\/areneslyriques","https:\/\/www.instagram.com\/les.arenes.lyriques\/"]}]}},"_links":{"self":[{"href":"https:\/\/areneslyriques.com\/en\/wp-json\/wp\/v2\/pages\/3705","targetHints":{"allow":["GET"]}}],"collection":[{"href":"https:\/\/areneslyriques.com\/en\/wp-json\/wp\/v2\/pages"}],"about":[{"href":"https:\/\/areneslyriques.com\/en\/wp-json\/wp\/v2\/types\/page"}],"author":[{"embeddable":true,"href":"https:\/\/areneslyriques.com\/en\/wp-json\/wp\/v2\/users\/1"}],"replies":[{"embeddable":true,"href":"https:\/\/areneslyriques.com\/en\/wp-json\/wp\/v2\/comments?post=3705"}],"version-history":[{"count":3,"href":"https:\/\/areneslyriques.com\/en\/wp-json\/wp\/v2\/pages\/3705\/revisions"}],"predecessor-version":[{"id":3723,"href":"https:\/\/areneslyriques.com\/en\/wp-json\/wp\/v2\/pages\/3705\/revisions\/3723"}],"wp:attachment":[{"href":"https:\/\/areneslyriques.com\/en\/wp-json\/wp\/v2\/media?parent=3705"}],"curies":[{"name":"wp","href":"https:\/\/api.w.org\/{rel}","templated":true}]}}