{"id":3686,"date":"2023-06-22T23:02:26","date_gmt":"2023-06-22T21:02:26","guid":{"rendered":"https:\/\/areneslyriques.com\/journal-des-arenes\/"},"modified":"2023-07-04T16:22:05","modified_gmt":"2023-07-04T14:22:05","slug":"arenas-diary","status":"publish","type":"page","link":"https:\/\/areneslyriques.com\/en\/arenas-diary\/","title":{"rendered":"The Ar\u00e8nes diary"},"content":{"rendered":"<div class=\"wpb-content-wrapper\"><p>[vc_row full_width=&#8221;stretch_row_content&#8221; content_placement=&#8221;middle&#8221; parallax=&#8221;content-moving&#8221; parallax_speed_bg=&#8221;1&#8243; height=&#8221;450px&#8221; css=&#8221;.vc_custom_1677940496984{background-image: url(https:\/\/areneslyriques.com\/wp-content\/uploads\/2022\/06\/Journal-Arenes-Lyriques-2022.jpg?id=1739) !important;}&#8221;][vc_column width=&#8221;1\/6&#8243; offset=&#8221;vc_hidden-xs&#8221;][\/vc_column][vc_column width=&#8221;2\/3&#8243; css=&#8221;.vc_custom_1686406366433{padding-top: 0px !important;}&#8221; offset=&#8221;vc_col-xs-12&#8243;][vc_custom_heading source=&#8221;post_title&#8221; font_container=&#8221;tag:h1|text_align:center|color:%23ffffff&#8221; use_theme_fonts=&#8221;yes&#8221; css_animation=&#8221;fadeIn&#8221; el_class=&#8221;sous-titre-accueil titre-page&#8221; css=&#8221;.vc_custom_1687604341925{margin-top: 30px !important;}&#8221;][vc_custom_heading text=&#8221;Enter the world of the Ar\u00e8nes Lyriques&#8221; font_container=&#8221;tag:div|font_size:22px|text_align:center|color:%23ffffff|line_height:25px&#8221; use_theme_fonts=&#8221;yes&#8221; css_animation=&#8221;fadeIn&#8221; el_class=&#8221;titre-paragraphe&#8221; css=&#8221;.vc_custom_1687604357727{margin-bottom: 10px !important;}&#8221;][\/vc_column][vc_column width=&#8221;1\/6&#8243; offset=&#8221;vc_hidden-xs&#8221;][\/vc_column][\/vc_row][vc_row css_animation=&#8221;fadeIn&#8221; type=&#8221;boxed&#8221; css=&#8221;.vc_custom_1686406442758{margin-top: 50px !important;margin-bottom: 50px !important;}&#8221; el_class=&#8221;margin-mobile-2&#8243;][vc_column width=&#8221;1\/6&#8243; offset=&#8221;vc_hidden-xs&#8221;][\/vc_column][vc_column width=&#8221;2\/3&#8243; el_class=&#8221;margin-mobile&#8221; offset=&#8221;vc_col-xs-12&#8243;][vc_custom_heading text=&#8221;August 21, 2022&#8243; font_container=&#8221;tag:div|font_size:22px|text_align:center|line_height:25px&#8221; use_theme_fonts=&#8221;yes&#8221; css_animation=&#8221;fadeIn&#8221; el_class=&#8221;titre-paragraphe&#8221; css=&#8221;.vc_custom_1688480337532{margin-bottom: 10px !important;}&#8221;][vc_custom_heading text=&#8221;The 2022 Edition is over!&#8221; font_container=&#8221;tag:h2|text_align:center&#8221; use_theme_fonts=&#8221;yes&#8221; css_animation=&#8221;fadeIn&#8221; el_class=&#8221;titre-paragraphe&#8221;][vc_column_text css_animation=&#8221;fadeIn&#8221; css=&#8221;.vc_custom_1688480444132{margin-bottom: 0px !important;}&#8221;]<\/p>\n<p style=\"text-align: center;\">So much love during the 2022 Ar\u00e8nes Lyriques. The event concluded yesterday.<\/p>\n<p style=\"text-align: center;\">Thank you for the magical moments.<\/p>\n<p>[\/vc_column_text][\/vc_column][vc_column width=&#8221;1\/6&#8243; offset=&#8221;vc_hidden-xs&#8221;][\/vc_column][\/vc_row][vc_row css_animation=&#8221;fadeIn&#8221; type=&#8221;boxed&#8221; css=&#8221;.vc_custom_1686406613980{margin-top: 50px !important;}&#8221; el_class=&#8221;margin-mobile-2&#8243;][vc_column el_class=&#8221;margin-mobile-2&#8243; css=&#8221;.vc_custom_1686406733118{padding: 0px !important;}&#8221;][vc_single_image image=&#8221;2832&#8243; img_size=&#8221;full&#8221; add_caption=&#8221;yes&#8221; alignment=&#8221;center&#8221; css_animation=&#8221;fadeIn&#8221;][\/vc_column][\/vc_row][vc_row type=&#8221;boxed&#8221; css=&#8221;.vc_custom_1686406644624{margin-top: 0px !important;margin-bottom: 30px !important;}&#8221; el_class=&#8221;margin-mobile-2&#8243;][vc_column el_class=&#8221;margin-mobile-2&#8243; css=&#8221;.vc_custom_1686406740280{padding: 0px !important;}&#8221;][vc_video link=&#8221;https:\/\/www.youtube.com\/watch?v=GojVAKsBUcg&#8221; align=&#8221;center&#8221; css_animation=&#8221;fadeIn&#8221;][\/vc_column][\/vc_row][vc_row equal_height=&#8221;yes&#8221; content_placement=&#8221;middle&#8221; css_animation=&#8221;fadeIn&#8221; type=&#8221;boxed&#8221; css=&#8221;.vc_custom_1686406468087{margin-top: 0px !important;margin-bottom: 75px !important;background-position: center !important;background-repeat: no-repeat !important;background-size: cover !important;}&#8221; el_class=&#8221;margin-mobile&#8221;][vc_column css_animation=&#8221;fadeIn&#8221; width=&#8221;1\/2&#8243;][vc_single_image image=&#8221;2532&#8243; img_size=&#8221;full&#8221; alignment=&#8221;center&#8221; css_animation=&#8221;fadeIn&#8221;][\/vc_column][vc_column width=&#8221;1\/2&#8243; css=&#8221;.vc_custom_1561932652564{margin-top: 25px !important;margin-right: 75px !important;margin-left: 50px !important;}&#8221;][vc_custom_heading text=&#8221;Artistic direction&#8221; font_container=&#8221;tag:h2|text_align:center&#8221; use_theme_fonts=&#8221;yes&#8221; css_animation=&#8221;fadeIn&#8221; el_class=&#8221;titre-paragraphe&#8221;][vc_column_text css_animation=&#8221;fadeIn&#8221;]<\/p>\n<p style=\"text-align: center;\">Pierre Mollaret is an organizer of unique events and a classical music producer.<\/p>\n<p>[\/vc_column_text][\/vc_column][\/vc_row][vc_row type=&#8221;boxed&#8221; css=&#8221;.vc_custom_1686361201901{margin-top: 50px !important;margin-bottom: 0px !important;}&#8221;][vc_column][vc_custom_heading text=&#8221;The musicians of the previous editions&#8221; font_container=&#8221;tag:h2|text_align:center&#8221; use_theme_fonts=&#8221;yes&#8221; css_animation=&#8221;fadeIn&#8221; el_class=&#8221;titre-paragraphe&#8221;][\/vc_column][\/vc_row][vc_row type=&#8221;boxed&#8221; css=&#8221;.vc_custom_1686361158012{margin-top: 30px !important;margin-bottom: 50px !important;}&#8221;][vc_column width=&#8221;1\/5&#8243;][\/vc_column][vc_column width=&#8221;1\/5&#8243;][vc_column_text el_class=&#8221;transparency_dark bouton&#8221;]<\/p>\n<p style=\"text-align: center;\"><span style=\"color: #ffffff;\"><a style=\"color: #ffffff;\" href=\"https:\/\/areneslyriques.com\/en\/program\/edition-2022\/\">\u2022 2022 Edition \u2022<\/a><\/span><\/p>\n<p>[\/vc_column_text][\/vc_column][vc_column width=&#8221;1\/5&#8243;][vc_column_text el_class=&#8221;transparency_dark bouton&#8221;]<\/p>\n<p style=\"text-align: center;\"><span style=\"color: #ffffff;\"><a style=\"color: #ffffff;\" href=\"https:\/\/areneslyriques.com\/en\/program\/edition-2021\/\">\u2022 2021 Edition \u2022<\/a><\/span><\/p>\n<p>[\/vc_column_text][\/vc_column][vc_column width=&#8221;1\/5&#8243;][vc_column_text el_class=&#8221;transparency_dark bouton&#8221;]<\/p>\n<p style=\"text-align: center;\"><span style=\"color: #ffffff;\"><a style=\"color: #ffffff;\" href=\"https:\/\/areneslyriques.com\/en\/program\/edition-2019\/\">\u2022 2019 Edition \u2022<\/a><\/span><\/p>\n<p>[\/vc_column_text][\/vc_column][vc_column width=&#8221;1\/5&#8243;][\/vc_column][\/vc_row][vc_row full_width=&#8221;stretch_row_content&#8221; content_placement=&#8221;middle&#8221; parallax=&#8221;content-moving&#8221; parallax_speed_bg=&#8221;1&#8243; height=&#8221;350px&#8221; css=&#8221;.vc_custom_1563124779477{background-image: url(https:\/\/areneslyriques.com\/wp-content\/uploads\/2019\/06\/Arenes-Lyriques-fleurs-1.jpg?id=391) !important;}&#8221;][vc_column width=&#8221;1\/6&#8243;][\/vc_column][vc_column width=&#8221;2\/3&#8243; css=&#8221;.vc_custom_1559686371376{padding-top: 0px !important;}&#8221;][vc_custom_heading text=&#8221;Join the Arena Adventure&#8221; font_container=&#8221;tag:h3|font_size:30px|text_align:center|color:%23ffffff|line_height:45px&#8221; use_theme_fonts=&#8221;yes&#8221; css_animation=&#8221;fadeIn&#8221; el_class=&#8221;sous-titre-accueil&#8221; css=&#8221;.vc_custom_1687604639754{margin-top: 30px !important;margin-bottom: 30px !important;}&#8221;][vc_column_text css_animation=&#8221;fadeIn&#8221; el_class=&#8221;bouton&#8221;]<\/p>\n<p style=\"text-align: center;\"><span style=\"color: #ffffff;\">Inscrivez-vous pour recevoir les derni\u00e8res actualit\u00e9s des Ar\u00e8nes Lyriques et toutes les informations de notre prochaine \u00e9dition.<\/span><\/p>\n<p style=\"text-align: center;\">\n\t<section id=\"yikes-mailchimp-container-1\" class=\"yikes-mailchimp-container yikes-mailchimp-container-1 \">\n\t\t\t\t<form id=\"billeterie-1\" class=\"yikes-easy-mc-form yikes-easy-mc-form-1 yikes-mailchimp-form-inline  \" method=\"POST\" data-attr-form-id=\"1\">\n\n\t\t\t\t\t\t\t\t\t\t\t\t\t<label for=\"yikes-easy-mc-form-1-EMAIL\"  class=\"label-inline EMAIL-label yikes-mailchimp-field-required \">\n\n\t\t\t\t\t\t\t\t\t\t<!-- dictate label visibility -->\n\t\t\t\t\t\t\t\t\t\t\t\t\t\t\t\t\t\t\t\t\t<span class=\"EMAIL-label\">\n\t\t\t\t\t\t\t\t\t\t\t\tAdresse email\t\t\t\t\t\t\t\t\t\t\t<\/span>\n\t\t\t\t\t\t\t\t\t\t\n\t\t\t\t\t\t\t\t\t\t<!-- Description Above -->\n\t\t\t\t\t\t\t\t\t\t\n\t\t\t\t\t\t\t\t\t\t<input id=\"yikes-easy-mc-form-1-EMAIL\"  name=\"EMAIL\"  placeholder=\"Renseignez votre adresse email\"  class=\"yikes-easy-mc-email \"  required=\"required\" type=\"email\"  value=\"\">\n\n\t\t\t\t\t\t\t\t\t\t<!-- Description Below -->\n\t\t\t\t\t\t\t\t\t\t\n\t\t\t\t\t\t\t\t\t<\/label>\n\t\t\t\t\t\t\t\t\t\n\t\t\t\t<!-- Honeypot Trap -->\n\t\t\t\t<input type=\"hidden\" name=\"yikes-mailchimp-honeypot\" id=\"yikes-mailchimp-honeypot-1\" value=\"\">\n\n\t\t\t\t<!-- List ID -->\n\t\t\t\t<input type=\"hidden\" name=\"yikes-mailchimp-associated-list-id\" id=\"yikes-mailchimp-associated-list-id-1\" value=\"f039b16857\">\n\n\t\t\t\t<!-- The form that is being submitted! Used to display error\/success messages above the correct form -->\n\t\t\t\t<input type=\"hidden\" name=\"yikes-mailchimp-submitted-form\" id=\"yikes-mailchimp-submitted-form-1\" value=\"1\">\n\n\t\t\t\t<!-- Submit Button -->\n\t\t\t\t<label class=\"empty-form-inline-label submit-button-inline-label\"><span class=\"empty-label\">&nbsp;<\/span><button type=\"submit\" class=\"yikes-easy-mc-submit-button yikes-easy-mc-submit-button-1 btn btn-primary transparency_dark bouton\"> <span class=\"yikes-mailchimp-submit-button-span-text\">\u2022 Envoyer \u2022<\/span><\/button><\/label>\t\t\t\t<!-- Nonce Security Check -->\n\t\t\t\t<input type=\"hidden\" id=\"yikes_easy_mc_new_subscriber_1\" name=\"yikes_easy_mc_new_subscriber\" value=\"bf03585688\">\n\t\t\t\t<input type=\"hidden\" name=\"_wp_http_referer\" value=\"\/en\/wp-json\/wp\/v2\/pages\/3686\" \/>\n\t\t\t<\/form>\n\t\t\t<!-- Mailchimp Form generated by Easy Forms for Mailchimp v6.9.0 (https:\/\/wordpress.org\/plugins\/yikes-inc-easy-mailchimp-extender\/) -->\n\n\t\t\t<\/section>\n<p>[\/vc_column_text][\/vc_column][vc_column width=&#8221;1\/6&#8243;][\/vc_column][\/vc_row][vc_column width=&#8221;1\/6&#8243;][\/vc_column][vc_row css=&#8221;.vc_custom_1687042880220{padding-top: 30px !important;padding-right: 140px !important;padding-left: 140px !important;background-image: url(https:\/\/areneslyriques.com\/wp-content\/uploads\/2019\/06\/fond-header.jpg?id=189) !important;background-position: 0 0 !important;background-repeat: repeat !important;}&#8221; el_class=&#8221;margin-mobile-2&#8243;][vc_column el_class=&#8221;margin-mobile-2&#8243;][vc_custom_heading text=&#8221;Reviews and recommandations&#8221; font_container=&#8221;tag:h2|font_size:25px|text_align:center|color:%23ffffff|line_height:30px&#8221; use_theme_fonts=&#8221;yes&#8221; css_animation=&#8221;fadeIn&#8221; el_class=&#8221;sous-titre-accueil titre-page&#8221; css=&#8221;.vc_custom_1687604671175{margin-top: 0px !important;}&#8221;][vc_masonry_media_grid style=&#8221;lazy&#8221; items_per_page=&#8221;6&#8243; element_width=&#8221;6&#8243; gap=&#8221;35&#8243; grid_id=&#8221;vc_gid:1688480471049-8d9e76d5-2f68-8&#8243; include=&#8221;2030,1895,1987,1905,2032&#8243;][\/vc_column][\/vc_row]<\/p>\n<\/div>","protected":false},"excerpt":{"rendered":"<p>[vc_row full_width=&#8221;stretch_row_content&#8221; content_placement=&#8221;middle&#8221; parallax=&#8221;content-moving&#8221; parallax_speed_bg=&#8221;1&#8243; height=&#8221;450px&#8221; css=&#8221;.vc_custom_1677940496984{background-image: url(https:\/\/areneslyriques.com\/wp-content\/uploads\/2022\/06\/Journal-Arenes-Lyriques-2022.jpg?id=1739) !important;}&#8221;][vc_column width=&#8221;1\/6&#8243; offset=&#8221;vc_hidden-xs&#8221;][\/vc_column][vc_column width=&#8221;2\/3&#8243; css=&#8221;.vc_custom_1686406366433{padding-top: 0px !important;}&#8221; offset=&#8221;vc_col-xs-12&#8243;][vc_custom_heading source=&#8221;post_title&#8221; font_container=&#8221;tag:h1|text_align:center|color:%23ffffff&#8221; use_theme_fonts=&#8221;yes&#8221; css_animation=&#8221;fadeIn&#8221;&#8230;<\/p>\n","protected":false},"author":1,"featured_media":1740,"parent":0,"menu_order":20,"comment_status":"closed","ping_status":"closed","template":"page-full-width.php","meta":{"footnotes":""},"class_list":["post-3686","page","type-page","status-publish","has-post-thumbnail","hentry"],"yoast_head":"<!-- This site is optimized with the Yoast SEO plugin v25.1 - https:\/\/yoast.com\/wordpress\/plugins\/seo\/ -->\n<title>Arenas diary &#8226; Les Ar\u00e8nes Lyriques &#8226; Montmartre<\/title>\n<meta name=\"description\" content=\"Follow the programs of the evenings and enter the world of the Ar\u00e8nes Lyriques: portraits of musicians and singers, musical selection,...\" \/>\n<meta name=\"robots\" content=\"index, follow, max-snippet:-1, max-image-preview:large, max-video-preview:-1\" \/>\n<link rel=\"canonical\" href=\"https:\/\/areneslyriques.com\/en\/arenas-diary\/\" \/>\n<meta property=\"og:locale\" content=\"en_US\" \/>\n<meta property=\"og:type\" content=\"article\" \/>\n<meta property=\"og:title\" content=\"Arenas diary &#8226; Les Ar\u00e8nes Lyriques &#8226; Montmartre\" \/>\n<meta property=\"og:description\" content=\"Follow the programs of the evenings and enter the world of the Ar\u00e8nes Lyriques: portraits of musicians and singers, musical selection,...\" \/>\n<meta property=\"og:url\" content=\"https:\/\/areneslyriques.com\/en\/arenas-diary\/\" \/>\n<meta property=\"og:site_name\" content=\"Les Ar\u00e8nes Lyriques\" \/>\n<meta property=\"article:publisher\" content=\"https:\/\/www.facebook.com\/areneslyriques\" \/>\n<meta property=\"article:modified_time\" content=\"2023-07-04T14:22:05+00:00\" \/>\n<meta property=\"og:image\" content=\"https:\/\/areneslyriques.com\/wp-content\/uploads\/2022\/06\/Journal-Arenes-Lyriques-2022-scaled.jpg\" \/>\n\t<meta property=\"og:image:width\" content=\"2560\" \/>\n\t<meta property=\"og:image:height\" content=\"1475\" \/>\n\t<meta property=\"og:image:type\" content=\"image\/jpeg\" \/>\n<meta name=\"twitter:card\" content=\"summary_large_image\" \/>\n<meta name=\"twitter:label1\" content=\"Est. reading time\" \/>\n\t<meta name=\"twitter:data1\" content=\"2 minutes\" \/>\n<script type=\"application\/ld+json\" class=\"yoast-schema-graph\">{\"@context\":\"https:\/\/schema.org\",\"@graph\":[{\"@type\":\"WebPage\",\"@id\":\"https:\/\/areneslyriques.com\/en\/arenas-diary\/\",\"url\":\"https:\/\/areneslyriques.com\/en\/arenas-diary\/\",\"name\":\"Arenas diary &#8226; Les Ar\u00e8nes Lyriques &#8226; Montmartre\",\"isPartOf\":{\"@id\":\"https:\/\/areneslyriques.com\/en\/#website\"},\"primaryImageOfPage\":{\"@id\":\"https:\/\/areneslyriques.com\/en\/arenas-diary\/#primaryimage\"},\"image\":{\"@id\":\"https:\/\/areneslyriques.com\/en\/arenas-diary\/#primaryimage\"},\"thumbnailUrl\":\"https:\/\/areneslyriques.com\/wp-content\/uploads\/2022\/06\/Journal-Arenes-Lyriques-2022-scaled.jpg\",\"datePublished\":\"2023-06-22T21:02:26+00:00\",\"dateModified\":\"2023-07-04T14:22:05+00:00\",\"description\":\"Follow the programs of the evenings and enter the world of the Ar\u00e8nes Lyriques: portraits of musicians and singers, musical selection,...\",\"inLanguage\":\"en-US\",\"potentialAction\":[{\"@type\":\"ReadAction\",\"target\":[\"https:\/\/areneslyriques.com\/en\/arenas-diary\/\"]}]},{\"@type\":\"ImageObject\",\"inLanguage\":\"en-US\",\"@id\":\"https:\/\/areneslyriques.com\/en\/arenas-diary\/#primaryimage\",\"url\":\"https:\/\/areneslyriques.com\/wp-content\/uploads\/2022\/06\/Journal-Arenes-Lyriques-2022-scaled.jpg\",\"contentUrl\":\"https:\/\/areneslyriques.com\/wp-content\/uploads\/2022\/06\/Journal-Arenes-Lyriques-2022-scaled.jpg\",\"width\":2560,\"height\":1475},{\"@type\":\"WebSite\",\"@id\":\"https:\/\/areneslyriques.com\/en\/#website\",\"url\":\"https:\/\/areneslyriques.com\/en\/\",\"name\":\"Les Ar\u00e8nes Lyriques | Le Concert de Montmartre\",\"description\":\"Nuits Classique \u00e0 Montmartre\",\"publisher\":{\"@id\":\"https:\/\/areneslyriques.com\/en\/#organization\"},\"potentialAction\":[{\"@type\":\"SearchAction\",\"target\":{\"@type\":\"EntryPoint\",\"urlTemplate\":\"https:\/\/areneslyriques.com\/en\/?s={search_term_string}\"},\"query-input\":{\"@type\":\"PropertyValueSpecification\",\"valueRequired\":true,\"valueName\":\"search_term_string\"}}],\"inLanguage\":\"en-US\"},{\"@type\":\"Organization\",\"@id\":\"https:\/\/areneslyriques.com\/en\/#organization\",\"name\":\"Les Ar\u00e8nes Lyriques | Le Concert de Montmartre\",\"url\":\"https:\/\/areneslyriques.com\/en\/\",\"logo\":{\"@type\":\"ImageObject\",\"inLanguage\":\"en-US\",\"@id\":\"https:\/\/areneslyriques.com\/en\/#\/schema\/logo\/image\/\",\"url\":\"https:\/\/i0.wp.com\/areneslyriques.com\/wp-content\/uploads\/2023\/06\/les-arenes-lyriques-logo-bleu-2023.png?fit=1835%2C172&ssl=1\",\"contentUrl\":\"https:\/\/i0.wp.com\/areneslyriques.com\/wp-content\/uploads\/2023\/06\/les-arenes-lyriques-logo-bleu-2023.png?fit=1835%2C172&ssl=1\",\"width\":1835,\"height\":172,\"caption\":\"Les Ar\u00e8nes Lyriques | Le Concert de Montmartre\"},\"image\":{\"@id\":\"https:\/\/areneslyriques.com\/en\/#\/schema\/logo\/image\/\"},\"sameAs\":[\"https:\/\/www.facebook.com\/areneslyriques\",\"https:\/\/www.instagram.com\/les.arenes.lyriques\/\"]}]}<\/script>\n<!-- \/ Yoast SEO plugin. -->","yoast_head_json":{"title":"Arenas diary &#8226; Les Ar\u00e8nes Lyriques &#8226; Montmartre","description":"Follow the programs of the evenings and enter the world of the Ar\u00e8nes Lyriques: portraits of musicians and singers, musical selection,...","robots":{"index":"index","follow":"follow","max-snippet":"max-snippet:-1","max-image-preview":"max-image-preview:large","max-video-preview":"max-video-preview:-1"},"canonical":"https:\/\/areneslyriques.com\/en\/arenas-diary\/","og_locale":"en_US","og_type":"article","og_title":"Arenas diary &#8226; Les Ar\u00e8nes Lyriques &#8226; Montmartre","og_description":"Follow the programs of the evenings and enter the world of the Ar\u00e8nes Lyriques: portraits of musicians and singers, musical selection,...","og_url":"https:\/\/areneslyriques.com\/en\/arenas-diary\/","og_site_name":"Les Ar\u00e8nes Lyriques","article_publisher":"https:\/\/www.facebook.com\/areneslyriques","article_modified_time":"2023-07-04T14:22:05+00:00","og_image":[{"width":2560,"height":1475,"url":"https:\/\/areneslyriques.com\/wp-content\/uploads\/2022\/06\/Journal-Arenes-Lyriques-2022-scaled.jpg","type":"image\/jpeg"}],"twitter_card":"summary_large_image","twitter_misc":{"Est. reading time":"2 minutes"},"schema":{"@context":"https:\/\/schema.org","@graph":[{"@type":"WebPage","@id":"https:\/\/areneslyriques.com\/en\/arenas-diary\/","url":"https:\/\/areneslyriques.com\/en\/arenas-diary\/","name":"Arenas diary &#8226; Les Ar\u00e8nes Lyriques &#8226; Montmartre","isPartOf":{"@id":"https:\/\/areneslyriques.com\/en\/#website"},"primaryImageOfPage":{"@id":"https:\/\/areneslyriques.com\/en\/arenas-diary\/#primaryimage"},"image":{"@id":"https:\/\/areneslyriques.com\/en\/arenas-diary\/#primaryimage"},"thumbnailUrl":"https:\/\/areneslyriques.com\/wp-content\/uploads\/2022\/06\/Journal-Arenes-Lyriques-2022-scaled.jpg","datePublished":"2023-06-22T21:02:26+00:00","dateModified":"2023-07-04T14:22:05+00:00","description":"Follow the programs of the evenings and enter the world of the Ar\u00e8nes Lyriques: portraits of musicians and singers, musical selection,...","inLanguage":"en-US","potentialAction":[{"@type":"ReadAction","target":["https:\/\/areneslyriques.com\/en\/arenas-diary\/"]}]},{"@type":"ImageObject","inLanguage":"en-US","@id":"https:\/\/areneslyriques.com\/en\/arenas-diary\/#primaryimage","url":"https:\/\/areneslyriques.com\/wp-content\/uploads\/2022\/06\/Journal-Arenes-Lyriques-2022-scaled.jpg","contentUrl":"https:\/\/areneslyriques.com\/wp-content\/uploads\/2022\/06\/Journal-Arenes-Lyriques-2022-scaled.jpg","width":2560,"height":1475},{"@type":"WebSite","@id":"https:\/\/areneslyriques.com\/en\/#website","url":"https:\/\/areneslyriques.com\/en\/","name":"Les Ar\u00e8nes Lyriques | Le Concert de Montmartre","description":"Nuits Classique \u00e0 Montmartre","publisher":{"@id":"https:\/\/areneslyriques.com\/en\/#organization"},"potentialAction":[{"@type":"SearchAction","target":{"@type":"EntryPoint","urlTemplate":"https:\/\/areneslyriques.com\/en\/?s={search_term_string}"},"query-input":{"@type":"PropertyValueSpecification","valueRequired":true,"valueName":"search_term_string"}}],"inLanguage":"en-US"},{"@type":"Organization","@id":"https:\/\/areneslyriques.com\/en\/#organization","name":"Les Ar\u00e8nes Lyriques | Le Concert de Montmartre","url":"https:\/\/areneslyriques.com\/en\/","logo":{"@type":"ImageObject","inLanguage":"en-US","@id":"https:\/\/areneslyriques.com\/en\/#\/schema\/logo\/image\/","url":"https:\/\/i0.wp.com\/areneslyriques.com\/wp-content\/uploads\/2023\/06\/les-arenes-lyriques-logo-bleu-2023.png?fit=1835%2C172&ssl=1","contentUrl":"https:\/\/i0.wp.com\/areneslyriques.com\/wp-content\/uploads\/2023\/06\/les-arenes-lyriques-logo-bleu-2023.png?fit=1835%2C172&ssl=1","width":1835,"height":172,"caption":"Les Ar\u00e8nes Lyriques | Le Concert de Montmartre"},"image":{"@id":"https:\/\/areneslyriques.com\/en\/#\/schema\/logo\/image\/"},"sameAs":["https:\/\/www.facebook.com\/areneslyriques","https:\/\/www.instagram.com\/les.arenes.lyriques\/"]}]}},"_links":{"self":[{"href":"https:\/\/areneslyriques.com\/en\/wp-json\/wp\/v2\/pages\/3686","targetHints":{"allow":["GET"]}}],"collection":[{"href":"https:\/\/areneslyriques.com\/en\/wp-json\/wp\/v2\/pages"}],"about":[{"href":"https:\/\/areneslyriques.com\/en\/wp-json\/wp\/v2\/types\/page"}],"author":[{"embeddable":true,"href":"https:\/\/areneslyriques.com\/en\/wp-json\/wp\/v2\/users\/1"}],"replies":[{"embeddable":true,"href":"https:\/\/areneslyriques.com\/en\/wp-json\/wp\/v2\/comments?post=3686"}],"version-history":[{"count":8,"href":"https:\/\/areneslyriques.com\/en\/wp-json\/wp\/v2\/pages\/3686\/revisions"}],"predecessor-version":[{"id":4275,"href":"https:\/\/areneslyriques.com\/en\/wp-json\/wp\/v2\/pages\/3686\/revisions\/4275"}],"wp:featuredmedia":[{"embeddable":true,"href":"https:\/\/areneslyriques.com\/en\/wp-json\/wp\/v2\/media\/1740"}],"wp:attachment":[{"href":"https:\/\/areneslyriques.com\/en\/wp-json\/wp\/v2\/media?parent=3686"}],"curies":[{"name":"wp","href":"https:\/\/api.w.org\/{rel}","templated":true}]}}