{"id":3676,"date":"2023-06-22T22:59:39","date_gmt":"2023-06-22T20:59:39","guid":{"rendered":"https:\/\/areneslyriques.com\/program\/edition-2021\/"},"modified":"2025-06-15T19:16:03","modified_gmt":"2025-06-15T17:16:03","slug":"edition-2021","status":"publish","type":"page","link":"https:\/\/areneslyriques.com\/en\/previous-concerts\/edition-2021\/","title":{"rendered":"Concert 2021"},"content":{"rendered":"<div class=\"wpb-content-wrapper\"><p>[vc_row full_width=&#8221;stretch_row_content&#8221; content_placement=&#8221;middle&#8221; height=&#8221;500px&#8221; css=&#8221;.vc_custom_1747318769878{background-image: url(https:\/\/demo.areneslyriques.com\/wp-content\/uploads\/2025\/05\/photo_2021.jpg?id=7598) !important;background-position: center !important;background-repeat: no-repeat !important;background-size: cover !important;}&#8221; el_class=&#8221;bandeau-header-mobile&#8221;][vc_column][vc_custom_heading text=&#8221;Concert 2021&#8243; font_container=&#8221;tag:h1|font_size:45px|text_align:center|color:%23ffffff|line_height:50px&#8221; use_theme_fonts=&#8221;yes&#8221; css_animation=&#8221;fadeIn&#8221; css=&#8221;.vc_custom_1732647710511{margin-top: 30px !important;}&#8221; el_class=&#8221;sous-titre-accueil titre-page&#8221;][\/vc_column][\/vc_row][vc_row css=&#8221;.vc_custom_1688297598409{margin-top: 50px !important;margin-bottom: 50px !important;}&#8221;][vc_column width=&#8221;1\/6&#8243; offset=&#8221;vc_hidden-xs&#8221;][\/vc_column][vc_column width=&#8221;2\/3&#8243;][vc_custom_heading text=&#8221;Musicians&#8221; font_container=&#8221;tag:h2|text_align:center&#8221; use_theme_fonts=&#8221;yes&#8221; css_animation=&#8221;fadeIn&#8221; css=&#8221;.vc_custom_1750007759883{margin-bottom: 40px !important;}&#8221; el_class=&#8221;titre-paragraphe&#8221;][vc_basic_grid post_type=&#8221;post&#8221; max_items=&#8221;-1&#8243; gap=&#8221;35&#8243; orderby=&#8221;menu_order&#8221; order=&#8221;ASC&#8221; item=&#8221;557&#8243; grid_id=&#8221;vc_gid:1750007725270-b4274d56-1b7f-1&#8243; taxonomies=&#8221;48&#8243;][\/vc_column][vc_column width=&#8221;1\/6&#8243; offset=&#8221;vc_hidden-xs&#8221;][\/vc_column][\/vc_row][vc_row type=&#8221;boxed&#8221; css=&#8221;.vc_custom_1675626535527{margin-bottom: 50px !important;}&#8221;][vc_column width=&#8221;1\/6&#8243;][\/vc_column][vc_column width=&#8221;2\/3&#8243;][vc_column_text css_animation=&#8221;fadeIn&#8221; css=&#8221;.vc_custom_1749919300860{margin-bottom: 0px !important;}&#8221;]<\/p>\n<p style=\"text-align: center;\"><strong>Team:<\/strong> Estelle Jalinie, r\u00e9gie g\u00e9n\u00e9rale ; Corentin Billette, son ; Pierre Mollaret, direction artistique.<\/p>\n<p>[\/vc_column_text][\/vc_column][vc_column width=&#8221;1\/6&#8243;][\/vc_column][\/vc_row][vc_row css=&#8221;.vc_custom_1749824938951{margin-top: 30px !important;}&#8221;][vc_column width=&#8221;1\/4&#8243;][\/vc_column][vc_column width=&#8221;1\/2&#8243;][vc_custom_heading text=&#8221;* * *&#8221; font_container=&#8221;tag:div|font_size:25px|text_align:center|color:%23283583|line_height:25px&#8221; use_theme_fonts=&#8221;yes&#8221; css_animation=&#8221;fadeIn&#8221; css=&#8221;.vc_custom_1747815768013{margin-top: 20px !important;margin-bottom: 20px !important;}&#8221;][\/vc_column][vc_column width=&#8221;1\/4&#8243;][\/vc_column][\/vc_row][vc_row type=&#8221;boxed&#8221; css=&#8221;.vc_custom_1749914000692{margin-top: 30px !important;margin-bottom: 100px !important;}&#8221;][vc_column width=&#8221;1\/6&#8243;][\/vc_column][vc_column width=&#8221;2\/3&#8243;][vc_custom_heading text=&#8221;New concert in 2025&#8243; font_container=&#8221;tag:h2|text_align:center&#8221; use_theme_fonts=&#8221;yes&#8221; css_animation=&#8221;fadeIn&#8221; css=&#8221;.vc_custom_1749915640668{margin-left: 10px !important;}&#8221; el_class=&#8221;titre-paragraphe&#8221;][vc_column_text css_animation=&#8221;fadeIn&#8221; css=&#8221;.vc_custom_1749915685085{margin-bottom: 0px !important;}&#8221; el_class=&#8221;transparency_dark bouton&#8221;]<\/p>\n<p style=\"text-align: center;\"><span style=\"color: #ffffff;\"><a style=\"color: #ffffff;\" href=\"https:\/\/areneslyriques.com\/en\/2025-edition\/\">\u2022 Discover the 2025 concert \u2022<\/a><\/span><\/p>\n<p>[\/vc_column_text][\/vc_column][vc_column width=&#8221;1\/6&#8243;][\/vc_column][\/vc_row][vc_row css=&#8221;.vc_custom_1746030522387{padding-top: 30px !important;padding-right: 140px !important;padding-left: 140px !important;background-image: url(https:\/\/demo.areneslyriques.com\/wp-content\/uploads\/2025\/04\/fond-bleu-2025-horizontal.jpeg) !important;background-position: 0 0 !important;background-repeat: repeat !important;}&#8221; el_class=&#8221;margin-mobile-2 bloc-avis&#8221;][vc_column el_class=&#8221;margin-mobile-2&#8243;][vc_custom_heading text=&#8221;Reviews and recommendations&#8221; font_container=&#8221;tag:h2|font_size:25px|text_align:center|color:%23ffffff|line_height:30px&#8221; use_theme_fonts=&#8221;yes&#8221; css_animation=&#8221;fadeIn&#8221; css=&#8221;.vc_custom_1750007266799{margin-top: 0px !important;margin-bottom: 35px !important;}&#8221; el_class=&#8221;sous-titre-accueil titre-page&#8221;][vc_masonry_media_grid style=&#8221;load-more&#8221; items_per_page=&#8221;6&#8243; element_width=&#8221;6&#8243; gap=&#8221;35&#8243; css=&#8221;&#8221; btn_title=&#8221;Load more reviews&#8221; btn_style=&#8221;custom&#8221; btn_custom_background=&#8221;#ffffff&#8221; btn_custom_text=&#8221;#001021&#8243; btn_shape=&#8221;round&#8221; grid_id=&#8221;vc_gid:1750007747862-5e10ac40-6b31-7&#8243; include=&#8221;2036,5194,5146,2034,2046,5188,2040,5154,2042,2044,2048,2050,5116,5118,5120,5122,5124,5126,5128,5130,5132,5134,5136,5138,5140,5142,5144,5148,5150,5152,5156,5158,5160,5162,5164,5166,5168,5170,5172,5174,5176,5178,5180,5182,5184,5186,5190,5192,2028&#8243;][\/vc_column][\/vc_row][vc_row full_width=&#8221;stretch_row_content&#8221; content_placement=&#8221;middle&#8221; height=&#8221;630px&#8221; css=&#8221;.vc_custom_1747747614064{background-image: url(https:\/\/demo.areneslyriques.com\/wp-content\/uploads\/2025\/05\/fond-bleu-clair-2025-horizontal-scaled.jpeg?id=7582) !important;background-position: center !important;background-repeat: no-repeat !important;background-size: cover !important;}&#8221;][vc_column width=&#8221;1\/4&#8243;][\/vc_column][vc_column width=&#8221;1\/2&#8243; css=&#8221;.vc_custom_1559686371376{padding-top: 0px !important;}&#8221;][vc_custom_heading text=&#8221;Join the Arena Adventure&#8221; font_container=&#8221;tag:h3|font_size:30px|text_align:center|color:%23ffffff|line_height:45px&#8221; use_theme_fonts=&#8221;yes&#8221; css_animation=&#8221;fadeIn&#8221; css=&#8221;.vc_custom_1747412196963{margin-top: 30px !important;margin-bottom: 30px !important;}&#8221; el_class=&#8221;sous-titre-accueil&#8221;][vc_column_text css_animation=&#8221;fadeIn&#8221; css=&#8221;&#8221; el_class=&#8221;bouton&#8221;]<\/p>\n<p style=\"text-align: center;\"><span style=\"color: #ffffff;\">Sign up to receive the latest news from Les Ar\u00e8nes Lyriques and all the information about our upcoming concerts.<\/span><\/p>\n<p>[\/vc_column_text][vc_row_inner][vc_column_inner width=&#8221;1\/6&#8243;][\/vc_column_inner][vc_column_inner width=&#8221;2\/3&#8243;][vc_column_text css_animation=&#8221;fadeIn&#8221; css=&#8221;&#8221; el_class=&#8221;bouton&#8221;]<\/p>\n<p style=\"text-align: center;\">\n\t<section id=\"yikes-mailchimp-container-1\" class=\"yikes-mailchimp-container yikes-mailchimp-container-1 \">\n\t\t\t\t<form id=\"billeterie-1\" class=\"yikes-easy-mc-form yikes-easy-mc-form-1 yikes-mailchimp-form-inline  \" method=\"POST\" data-attr-form-id=\"1\">\n\n\t\t\t\t\t\t\t\t\t\t\t\t\t<label for=\"yikes-easy-mc-form-1-EMAIL\"  class=\"label-inline EMAIL-label yikes-mailchimp-field-required \">\n\n\t\t\t\t\t\t\t\t\t\t<!-- dictate label visibility -->\n\t\t\t\t\t\t\t\t\t\t\t\t\t\t\t\t\t\t\t\t\t<span class=\"EMAIL-label\">\n\t\t\t\t\t\t\t\t\t\t\t\tAdresse email\t\t\t\t\t\t\t\t\t\t\t<\/span>\n\t\t\t\t\t\t\t\t\t\t\n\t\t\t\t\t\t\t\t\t\t<!-- Description Above -->\n\t\t\t\t\t\t\t\t\t\t\n\t\t\t\t\t\t\t\t\t\t<input id=\"yikes-easy-mc-form-1-EMAIL\"  name=\"EMAIL\"  placeholder=\"Renseignez votre adresse email\"  class=\"yikes-easy-mc-email \"  required=\"required\" type=\"email\"  value=\"\">\n\n\t\t\t\t\t\t\t\t\t\t<!-- Description Below -->\n\t\t\t\t\t\t\t\t\t\t\n\t\t\t\t\t\t\t\t\t<\/label>\n\t\t\t\t\t\t\t\t\t\n\t\t\t\t<!-- Honeypot Trap -->\n\t\t\t\t<input type=\"hidden\" name=\"yikes-mailchimp-honeypot\" id=\"yikes-mailchimp-honeypot-1\" value=\"\">\n\n\t\t\t\t<!-- List ID -->\n\t\t\t\t<input type=\"hidden\" name=\"yikes-mailchimp-associated-list-id\" id=\"yikes-mailchimp-associated-list-id-1\" value=\"f039b16857\">\n\n\t\t\t\t<!-- The form that is being submitted! Used to display error\/success messages above the correct form -->\n\t\t\t\t<input type=\"hidden\" name=\"yikes-mailchimp-submitted-form\" id=\"yikes-mailchimp-submitted-form-1\" value=\"1\">\n\n\t\t\t\t<!-- Submit Button -->\n\t\t\t\t<label class=\"empty-form-inline-label submit-button-inline-label\"><span class=\"empty-label\">&nbsp;<\/span><button type=\"submit\" class=\"yikes-easy-mc-submit-button yikes-easy-mc-submit-button-1 btn btn-primary transparency_dark bouton\"> <span class=\"yikes-mailchimp-submit-button-span-text\">\u2022 Envoyer \u2022<\/span><\/button><\/label>\t\t\t\t<!-- Nonce Security Check -->\n\t\t\t\t<input type=\"hidden\" id=\"yikes_easy_mc_new_subscriber_1\" name=\"yikes_easy_mc_new_subscriber\" value=\"7e0a8e948a\">\n\t\t\t\t<input type=\"hidden\" name=\"_wp_http_referer\" value=\"\/en\/wp-json\/wp\/v2\/pages\/3676\" \/>\n\t\t\t<\/form>\n\t\t\t<!-- Mailchimp Form generated by Easy Forms for Mailchimp v6.9.0 (https:\/\/wordpress.org\/plugins\/yikes-inc-easy-mailchimp-extender\/) -->\n\n\t\t\t<\/section>\n<p>[\/vc_column_text][\/vc_column_inner][vc_column_inner width=&#8221;1\/6&#8243;][\/vc_column_inner][\/vc_row_inner][vc_custom_heading text=&#8221;Follow us on:&#8221; font_container=&#8221;tag:h3|font_size:25px|text_align:center|color:%23ffffff|line_height:30px&#8221; use_theme_fonts=&#8221;yes&#8221; css_animation=&#8221;fadeIn&#8221; css=&#8221;.vc_custom_1747746449999{margin-top: 30px !important;margin-bottom: 30px !important;}&#8221; el_class=&#8221;sous-titre-accueil&#8221;]\r\n\t\t\t    <div class=\"site-social-icons-shortcode\">\r\n\r\n\t\t\t        <ul class=\"mt_social_icons_list align-center\">\r\n\r\n\t\t\t\t\t\t\r\n\t\t\t\t\t\t\t\t\t\t<li class=\"mt_social_icon default_icon icon_facebook\">\r\n\t\t\t\t\t\t\t\t\t\t\t<a class=\"mt_social_icon_link\" target=\"_blank\"\r\n\t\t\t\t\t\t\t\t\t\t\t\thref=\"https:\/\/www.facebook.com\/areneslyriques\/\">\r\n\t\t\t\t\t\t\t\t\t\t\t\t<svg\r\n\t\t\t\t\t\t\t\t\t\t\t\t\txmlns=\"http:\/\/www.w3.org\/2000\/svg\" x=\"0px\" y=\"0px\"\r\n\t\t\t\t\t\t\t\t\t\t\t\t\twidth=\"30px\" height=\"30px\"\r\n\t\t\t\t\t\t\t\t\t\t\t\t\tviewBox=\"0 0 50 50\"\r\n\t\t\t\t\t\t\t\t\t\t\t\t\tfill=\"#FFFFFF\">\r\n\t\t\t\t\t\t\t\t\t\t\t\t\t<path d=\"M32,11h5c0.552,0,1-0.448,1-1V3.263c0-0.524-0.403-0.96-0.925-0.997C35.484,2.153,32.376,2,30.141,2C24,2,20,5.68,20,12.368 V19h-7c-0.552,0-1,0.448-1,1v7c0,0.552,0.448,1,1,1h7v19c0,0.552,0.448,1,1,1h7c0.552,0,1-0.448,1-1V28h7.222 c0.51,0,0.938-0.383,0.994-0.89l0.778-7C38.06,19.518,37.596,19,37,19h-8v-5C29,12.343,30.343,11,32,11z\"><\/path>\r\n\t\t\t\t\t\t\t\t\t\t\t\t<\/svg>\r\n\t\t\t\t\t\t\t\t\t\t\t<\/a>\r\n\t\t\t\t\t\t\t\t\t\t<\/li>\r\n\r\n\t\t\t\t\t\t\t\t\t\t\r\n\t\t\t\t\t\t\t\t\t\t<li class=\"mt_social_icon default_icon icon_instagram\">\r\n\t\t\t\t\t\t\t\t\t\t\t<a class=\"mt_social_icon_link\" target=\"_blank\"\r\n\t\t\t\t\t\t\t\t\t\t\t\thref=\"https:\/\/www.instagram.com\/les.arenes.lyriques\/\">\r\n\t\t\t\t\t\t\t\t\t\t\t\t<svg\r\n\t\t\t\t\t\t\t\t\t\t\t\t\txmlns=\"http:\/\/www.w3.org\/2000\/svg\" x=\"0px\" y=\"0px\"\r\n\t\t\t\t\t\t\t\t\t\t\t\t\twidth=\"30px\" height=\"30px\"\r\n\t\t\t\t\t\t\t\t\t\t\t\t\tviewBox=\"0 0 50 50\"\r\n\t\t\t\t\t\t\t\t\t\t\t\t\tfill=\"#FFFFFF\">\r\n\t\t\t\t\t\t\t\t\t\t\t\t\t<path d=\"M 16 3 C 8.83 3 3 8.83 3 16 L 3 34 C 3 41.17 8.83 47 16 47 L 34 47 C 41.17 47 47 41.17 47 34 L 47 16 C 47 8.83 41.17 3 34 3 L 16 3 z M 37 11 C 38.1 11 39 11.9 39 13 C 39 14.1 38.1 15 37 15 C 35.9 15 35 14.1 35 13 C 35 11.9 35.9 11 37 11 z M 25 14 C 31.07 14 36 18.93 36 25 C 36 31.07 31.07 36 25 36 C 18.93 36 14 31.07 14 25 C 14 18.93 18.93 14 25 14 z M 25 16 C 20.04 16 16 20.04 16 25 C 16 29.96 20.04 34 25 34 C 29.96 34 34 29.96 34 25 C 34 20.04 29.96 16 25 16 z\"><\/path>\r\n\t\t\t\t\t\t\t\t\t\t\t\t<\/svg>\r\n\t\t\t\t\t\t\t\t\t\t\t<\/a>\r\n\t\t\t\t\t\t\t\t\t\t<\/li>\r\n\r\n\t\t\t\t\t\t\t\t\t\t\r\n\t\t\t\t\t\t\t\t\t<li class=\"mt_social_icon custom_icon icon_custom\">\r\n\t\t\t\t\t\t\t\t\t\t<a class=\"mt_social_icon_link\" target=\"_blank\" href=\"https:\/\/www.tiktok.com\/@les.arenes.lyriques\">\r\n\t\t\t\t\t\t\t\t\t\t\t<img decoding=\"async\" src=\"https:\/\/areneslyriques.com\/wp-content\/uploads\/2025\/05\/tiktok-logo-black-png-1-300x300.png\" alt=\"Social Media Profile\"\r\n\t\t\t\t\t\t\t\t\t\t\t\twidth=\"30px\" height=\"30px\" \/>\r\n\t\t\t\t\t\t\t\t\t\t<\/a>\r\n\t\t\t\t\t\t\t\t\t<\/li>\r\n\r\n\t\t\t\t\t\t\t\t\r\n\t\t\t\t\t\t\t\t\t\t<li class=\"mt_social_icon default_icon icon_youtube\">\r\n\t\t\t\t\t\t\t\t\t\t\t<a class=\"mt_social_icon_link\" target=\"_blank\"\r\n\t\t\t\t\t\t\t\t\t\t\t\thref=\"http:\/\/www.youtube.com\/@lesareneslyriques7316\">\r\n\t\t\t\t\t\t\t\t\t\t\t\t<svg\r\n\t\t\t\t\t\t\t\t\t\t\t\t\txmlns=\"http:\/\/www.w3.org\/2000\/svg\" x=\"0px\" y=\"0px\"\r\n\t\t\t\t\t\t\t\t\t\t\t\t\twidth=\"30px\" height=\"30px\"\r\n\t\t\t\t\t\t\t\t\t\t\t\t\tviewBox=\"0 0 50 50\"\r\n\t\t\t\t\t\t\t\t\t\t\t\t\tfill=\"#FFFFFF\">\r\n\t\t\t\t\t\t\t\t\t\t\t\t\t<path d=\"M 44.898438 14.5 C 44.5 12.300781 42.601563 10.699219 40.398438 10.199219 C 37.101563 9.5 31 9 24.398438 9 C 17.800781 9 11.601563 9.5 8.300781 10.199219 C 6.101563 10.699219 4.199219 12.199219 3.800781 14.5 C 3.398438 17 3 20.5 3 25 C 3 29.5 3.398438 33 3.898438 35.5 C 4.300781 37.699219 6.199219 39.300781 8.398438 39.800781 C 11.898438 40.5 17.898438 41 24.5 41 C 31.101563 41 37.101563 40.5 40.601563 39.800781 C 42.800781 39.300781 44.699219 37.800781 45.101563 35.5 C 45.5 33 46 29.398438 46.101563 25 C 45.898438 20.5 45.398438 17 44.898438 14.5 Z M 19 32 L 19 18 L 31.199219 25 Z \"><\/path>\r\n\t\t\t\t\t\t\t\t\t\t\t\t<\/svg>\r\n\t\t\t\t\t\t\t\t\t\t\t<\/a>\r\n\t\t\t\t\t\t\t\t\t\t<\/li>\r\n\r\n\t\t\t\t\t\t\t\t\t\t\t\t\t        <\/ul>\r\n\r\n\t\t\t    <\/div>\r\n\r\n\t\t    [\/vc_column][vc_column width=&#8221;1\/4&#8243;][\/vc_column][\/vc_row]<\/p>\n<\/div>","protected":false},"excerpt":{"rendered":"<p>[vc_row full_width=&#8221;stretch_row_content&#8221; content_placement=&#8221;middle&#8221; height=&#8221;500px&#8221; css=&#8221;.vc_custom_1747318769878{background-image: url(https:\/\/demo.areneslyriques.com\/wp-content\/uploads\/2025\/05\/photo_2021.jpg?id=7598) !important;background-position: center !important;background-repeat: no-repeat !important;background-size: cover !important;}&#8221; el_class=&#8221;bandeau-header-mobile&#8221;][vc_column][vc_custom_heading text=&#8221;Concert 2021&#8243; font_container=&#8221;tag:h1|font_size:45px|text_align:center|color:%23ffffff|line_height:50px&#8221; use_theme_fonts=&#8221;yes&#8221; css_animation=&#8221;fadeIn&#8221; css=&#8221;.vc_custom_1732647710511{margin-top:&#8230;<\/p>\n","protected":false},"author":1,"featured_media":7599,"parent":7288,"menu_order":2,"comment_status":"closed","ping_status":"closed","template":"page-full-width.php","meta":{"footnotes":""},"class_list":["post-3676","page","type-page","status-publish","has-post-thumbnail","hentry"],"yoast_head":"<!-- This site is optimized with the Yoast SEO plugin v25.1 - https:\/\/yoast.com\/wordpress\/plugins\/seo\/ -->\n<title>\u00c9dition 2021 &#8226; Les Ar\u00e8nes Lyriques | Montmartre<\/title>\n<meta name=\"description\" content=\"(Re)discover these arias Laissez vous envahir par les m\u00e9lodies fabuleuses interpr\u00e9t\u00e9es par nos musiciens.\" \/>\n<meta name=\"robots\" content=\"index, follow, max-snippet:-1, max-image-preview:large, max-video-preview:-1\" \/>\n<link rel=\"canonical\" href=\"https:\/\/areneslyriques.com\/en\/previous-concerts\/edition-2021\/\" \/>\n<meta property=\"og:locale\" content=\"en_US\" \/>\n<meta property=\"og:type\" content=\"article\" \/>\n<meta property=\"og:title\" content=\"\u00c9dition 2021 &#8226; Les Ar\u00e8nes Lyriques | Montmartre\" \/>\n<meta property=\"og:description\" content=\"(Re)discover these arias Laissez vous envahir par les m\u00e9lodies fabuleuses interpr\u00e9t\u00e9es par nos musiciens.\" \/>\n<meta property=\"og:url\" content=\"https:\/\/areneslyriques.com\/en\/previous-concerts\/edition-2021\/\" \/>\n<meta property=\"og:site_name\" content=\"Les Ar\u00e8nes Lyriques\" \/>\n<meta property=\"article:publisher\" content=\"https:\/\/www.facebook.com\/areneslyriques\" \/>\n<meta property=\"article:modified_time\" content=\"2025-06-15T17:16:03+00:00\" \/>\n<meta property=\"og:image\" content=\"https:\/\/areneslyriques.com\/wp-content\/uploads\/2025\/05\/photo_2021.jpg\" \/>\n\t<meta property=\"og:image:width\" content=\"1200\" \/>\n\t<meta property=\"og:image:height\" content=\"500\" \/>\n\t<meta property=\"og:image:type\" content=\"image\/jpeg\" \/>\n<meta name=\"twitter:card\" content=\"summary_large_image\" \/>\n<meta name=\"twitter:label1\" content=\"Est. reading time\" \/>\n\t<meta name=\"twitter:data1\" content=\"12 minutes\" \/>\n<script type=\"application\/ld+json\" class=\"yoast-schema-graph\">{\"@context\":\"https:\/\/schema.org\",\"@graph\":[{\"@type\":\"WebPage\",\"@id\":\"https:\/\/areneslyriques.com\/en\/previous-concerts\/edition-2021\/\",\"url\":\"https:\/\/areneslyriques.com\/en\/previous-concerts\/edition-2021\/\",\"name\":\"\u00c9dition 2021 &#8226; Les Ar\u00e8nes Lyriques | Montmartre\",\"isPartOf\":{\"@id\":\"https:\/\/areneslyriques.com\/en\/#website\"},\"primaryImageOfPage\":{\"@id\":\"https:\/\/areneslyriques.com\/en\/previous-concerts\/edition-2021\/#primaryimage\"},\"image\":{\"@id\":\"https:\/\/areneslyriques.com\/en\/previous-concerts\/edition-2021\/#primaryimage\"},\"thumbnailUrl\":\"https:\/\/areneslyriques.com\/wp-content\/uploads\/2025\/05\/photo_2021.jpg\",\"datePublished\":\"2023-06-22T20:59:39+00:00\",\"dateModified\":\"2025-06-15T17:16:03+00:00\",\"description\":\"(Re)discover these arias Laissez vous envahir par les m\u00e9lodies fabuleuses interpr\u00e9t\u00e9es par nos musiciens.\",\"breadcrumb\":{\"@id\":\"https:\/\/areneslyriques.com\/en\/previous-concerts\/edition-2021\/#breadcrumb\"},\"inLanguage\":\"en-US\",\"potentialAction\":[{\"@type\":\"ReadAction\",\"target\":[\"https:\/\/areneslyriques.com\/en\/previous-concerts\/edition-2021\/\"]}]},{\"@type\":\"ImageObject\",\"inLanguage\":\"en-US\",\"@id\":\"https:\/\/areneslyriques.com\/en\/previous-concerts\/edition-2021\/#primaryimage\",\"url\":\"https:\/\/areneslyriques.com\/wp-content\/uploads\/2025\/05\/photo_2021.jpg\",\"contentUrl\":\"https:\/\/areneslyriques.com\/wp-content\/uploads\/2025\/05\/photo_2021.jpg\",\"width\":1200,\"height\":500},{\"@type\":\"BreadcrumbList\",\"@id\":\"https:\/\/areneslyriques.com\/en\/previous-concerts\/edition-2021\/#breadcrumb\",\"itemListElement\":[{\"@type\":\"ListItem\",\"position\":1,\"name\":\"Previous Concerts\",\"item\":\"https:\/\/areneslyriques.com\/en\/previous-concerts\/\"},{\"@type\":\"ListItem\",\"position\":2,\"name\":\"Concert 2021\"}]},{\"@type\":\"WebSite\",\"@id\":\"https:\/\/areneslyriques.com\/en\/#website\",\"url\":\"https:\/\/areneslyriques.com\/en\/\",\"name\":\"Les Ar\u00e8nes Lyriques | Le Concert de Montmartre\",\"description\":\"Nuits Classique \u00e0 Montmartre\",\"publisher\":{\"@id\":\"https:\/\/areneslyriques.com\/en\/#organization\"},\"potentialAction\":[{\"@type\":\"SearchAction\",\"target\":{\"@type\":\"EntryPoint\",\"urlTemplate\":\"https:\/\/areneslyriques.com\/en\/?s={search_term_string}\"},\"query-input\":{\"@type\":\"PropertyValueSpecification\",\"valueRequired\":true,\"valueName\":\"search_term_string\"}}],\"inLanguage\":\"en-US\"},{\"@type\":\"Organization\",\"@id\":\"https:\/\/areneslyriques.com\/en\/#organization\",\"name\":\"Les Ar\u00e8nes Lyriques | Le Concert de Montmartre\",\"url\":\"https:\/\/areneslyriques.com\/en\/\",\"logo\":{\"@type\":\"ImageObject\",\"inLanguage\":\"en-US\",\"@id\":\"https:\/\/areneslyriques.com\/en\/#\/schema\/logo\/image\/\",\"url\":\"https:\/\/i0.wp.com\/areneslyriques.com\/wp-content\/uploads\/2023\/06\/les-arenes-lyriques-logo-bleu-2023.png?fit=1835%2C172&ssl=1\",\"contentUrl\":\"https:\/\/i0.wp.com\/areneslyriques.com\/wp-content\/uploads\/2023\/06\/les-arenes-lyriques-logo-bleu-2023.png?fit=1835%2C172&ssl=1\",\"width\":1835,\"height\":172,\"caption\":\"Les Ar\u00e8nes Lyriques | Le Concert de Montmartre\"},\"image\":{\"@id\":\"https:\/\/areneslyriques.com\/en\/#\/schema\/logo\/image\/\"},\"sameAs\":[\"https:\/\/www.facebook.com\/areneslyriques\",\"https:\/\/www.instagram.com\/les.arenes.lyriques\/\"]}]}<\/script>\n<!-- \/ Yoast SEO plugin. -->","yoast_head_json":{"title":"\u00c9dition 2021 &#8226; Les Ar\u00e8nes Lyriques | Montmartre","description":"(Re)discover these arias Laissez vous envahir par les m\u00e9lodies fabuleuses interpr\u00e9t\u00e9es par nos musiciens.","robots":{"index":"index","follow":"follow","max-snippet":"max-snippet:-1","max-image-preview":"max-image-preview:large","max-video-preview":"max-video-preview:-1"},"canonical":"https:\/\/areneslyriques.com\/en\/previous-concerts\/edition-2021\/","og_locale":"en_US","og_type":"article","og_title":"\u00c9dition 2021 &#8226; Les Ar\u00e8nes Lyriques | Montmartre","og_description":"(Re)discover these arias Laissez vous envahir par les m\u00e9lodies fabuleuses interpr\u00e9t\u00e9es par nos musiciens.","og_url":"https:\/\/areneslyriques.com\/en\/previous-concerts\/edition-2021\/","og_site_name":"Les Ar\u00e8nes Lyriques","article_publisher":"https:\/\/www.facebook.com\/areneslyriques","article_modified_time":"2025-06-15T17:16:03+00:00","og_image":[{"width":1200,"height":500,"url":"https:\/\/areneslyriques.com\/wp-content\/uploads\/2025\/05\/photo_2021.jpg","type":"image\/jpeg"}],"twitter_card":"summary_large_image","twitter_misc":{"Est. reading time":"12 minutes"},"schema":{"@context":"https:\/\/schema.org","@graph":[{"@type":"WebPage","@id":"https:\/\/areneslyriques.com\/en\/previous-concerts\/edition-2021\/","url":"https:\/\/areneslyriques.com\/en\/previous-concerts\/edition-2021\/","name":"\u00c9dition 2021 &#8226; Les Ar\u00e8nes Lyriques | Montmartre","isPartOf":{"@id":"https:\/\/areneslyriques.com\/en\/#website"},"primaryImageOfPage":{"@id":"https:\/\/areneslyriques.com\/en\/previous-concerts\/edition-2021\/#primaryimage"},"image":{"@id":"https:\/\/areneslyriques.com\/en\/previous-concerts\/edition-2021\/#primaryimage"},"thumbnailUrl":"https:\/\/areneslyriques.com\/wp-content\/uploads\/2025\/05\/photo_2021.jpg","datePublished":"2023-06-22T20:59:39+00:00","dateModified":"2025-06-15T17:16:03+00:00","description":"(Re)discover these arias Laissez vous envahir par les m\u00e9lodies fabuleuses interpr\u00e9t\u00e9es par nos musiciens.","breadcrumb":{"@id":"https:\/\/areneslyriques.com\/en\/previous-concerts\/edition-2021\/#breadcrumb"},"inLanguage":"en-US","potentialAction":[{"@type":"ReadAction","target":["https:\/\/areneslyriques.com\/en\/previous-concerts\/edition-2021\/"]}]},{"@type":"ImageObject","inLanguage":"en-US","@id":"https:\/\/areneslyriques.com\/en\/previous-concerts\/edition-2021\/#primaryimage","url":"https:\/\/areneslyriques.com\/wp-content\/uploads\/2025\/05\/photo_2021.jpg","contentUrl":"https:\/\/areneslyriques.com\/wp-content\/uploads\/2025\/05\/photo_2021.jpg","width":1200,"height":500},{"@type":"BreadcrumbList","@id":"https:\/\/areneslyriques.com\/en\/previous-concerts\/edition-2021\/#breadcrumb","itemListElement":[{"@type":"ListItem","position":1,"name":"Previous Concerts","item":"https:\/\/areneslyriques.com\/en\/previous-concerts\/"},{"@type":"ListItem","position":2,"name":"Concert 2021"}]},{"@type":"WebSite","@id":"https:\/\/areneslyriques.com\/en\/#website","url":"https:\/\/areneslyriques.com\/en\/","name":"Les Ar\u00e8nes Lyriques | Le Concert de Montmartre","description":"Nuits Classique \u00e0 Montmartre","publisher":{"@id":"https:\/\/areneslyriques.com\/en\/#organization"},"potentialAction":[{"@type":"SearchAction","target":{"@type":"EntryPoint","urlTemplate":"https:\/\/areneslyriques.com\/en\/?s={search_term_string}"},"query-input":{"@type":"PropertyValueSpecification","valueRequired":true,"valueName":"search_term_string"}}],"inLanguage":"en-US"},{"@type":"Organization","@id":"https:\/\/areneslyriques.com\/en\/#organization","name":"Les Ar\u00e8nes Lyriques | Le Concert de Montmartre","url":"https:\/\/areneslyriques.com\/en\/","logo":{"@type":"ImageObject","inLanguage":"en-US","@id":"https:\/\/areneslyriques.com\/en\/#\/schema\/logo\/image\/","url":"https:\/\/i0.wp.com\/areneslyriques.com\/wp-content\/uploads\/2023\/06\/les-arenes-lyriques-logo-bleu-2023.png?fit=1835%2C172&ssl=1","contentUrl":"https:\/\/i0.wp.com\/areneslyriques.com\/wp-content\/uploads\/2023\/06\/les-arenes-lyriques-logo-bleu-2023.png?fit=1835%2C172&ssl=1","width":1835,"height":172,"caption":"Les Ar\u00e8nes Lyriques | Le Concert de Montmartre"},"image":{"@id":"https:\/\/areneslyriques.com\/en\/#\/schema\/logo\/image\/"},"sameAs":["https:\/\/www.facebook.com\/areneslyriques","https:\/\/www.instagram.com\/les.arenes.lyriques\/"]}]}},"_links":{"self":[{"href":"https:\/\/areneslyriques.com\/en\/wp-json\/wp\/v2\/pages\/3676","targetHints":{"allow":["GET"]}}],"collection":[{"href":"https:\/\/areneslyriques.com\/en\/wp-json\/wp\/v2\/pages"}],"about":[{"href":"https:\/\/areneslyriques.com\/en\/wp-json\/wp\/v2\/types\/page"}],"author":[{"embeddable":true,"href":"https:\/\/areneslyriques.com\/en\/wp-json\/wp\/v2\/users\/1"}],"replies":[{"embeddable":true,"href":"https:\/\/areneslyriques.com\/en\/wp-json\/wp\/v2\/comments?post=3676"}],"version-history":[{"count":5,"href":"https:\/\/areneslyriques.com\/en\/wp-json\/wp\/v2\/pages\/3676\/revisions"}],"predecessor-version":[{"id":8506,"href":"https:\/\/areneslyriques.com\/en\/wp-json\/wp\/v2\/pages\/3676\/revisions\/8506"}],"up":[{"embeddable":true,"href":"https:\/\/areneslyriques.com\/en\/wp-json\/wp\/v2\/pages\/7288"}],"wp:featuredmedia":[{"embeddable":true,"href":"https:\/\/areneslyriques.com\/en\/wp-json\/wp\/v2\/media\/7599"}],"wp:attachment":[{"href":"https:\/\/areneslyriques.com\/en\/wp-json\/wp\/v2\/media?parent=3676"}],"curies":[{"name":"wp","href":"https:\/\/api.w.org\/{rel}","templated":true}]}}